{"id":604,"date":"2020-06-21T20:52:24","date_gmt":"2020-06-21T20:52:24","guid":{"rendered":"https:\/\/www.slamjamcartoon.ch\/website\/?page_id=604"},"modified":"2021-11-29T13:14:31","modified_gmt":"2021-11-29T13:14:31","slug":"ausstellung","status":"publish","type":"page","link":"https:\/\/www.bissfest.net\/index.php\/ausstellung\/","title":{"rendered":"Cartoon Ausstellung"},"content":{"rendered":"<section class=\"wpb-content-wrapper\"><p>[vc_row][vc_column][vc_empty_space height=&#8221;130px&#8221;][\/vc_column][\/vc_row][vc_row][vc_column width=&#8221;1\/3&#8243;][vc_single_image image=&#8221;900&#8243; img_size=&#8221;full&#8221;][\/vc_column][vc_column width=&#8221;2\/3&#8243;][vc_column_text]<\/p>\n<div class=\"title-h1\">\n<p><span style=\"color: #60c3d9;\"><strong>CARTOON AUSSTELLUNG<\/strong><\/span><\/p>\n<\/div>\n<p>[\/vc_column_text][vc_column_text]<\/p>\n<div class=\"title-h1 title-h3\">\n<p><strong>22. Oktober &#8211; 14. November 2021<br \/>\nTrafo Hallen Baden<\/strong><\/p>\n<\/div>\n<p>[\/vc_column_text][vc_column_text]<\/p>\n<div class=\"title-h4\">\n<p>Was unserem K\u00f6rper das Wasser ist, das ist Humor f\u00fcr unseren Geist: erfrischend,\u00a0 reinigend und lebenswichtig. Karikaturen beleuchten humorvoll, geistreich und kritisch unsere Realit\u00e4t, sie entzerren die Wirklichkeit und Kenntlichkeit und halten der Gesellschaft den Spiegel vor. In der Cartoon-Ausstellung des \u00abbissfest!\u00bb nahmen \u00fcber 35 Karikaturist*innen aus der Schweiz, Deutschland und \u00d6sterreich unter dem Motto <span class=\"ILfuVd\"><span class=\"hgKElc\">\u00abHeiss gebadet\u00bb<\/span><\/span> die B\u00e4derwelt und Wellnesskultur satirisch unter die Lupe.<\/p>\n<\/div>\n<p>[\/vc_column_text][vc_column_text]<\/p>\n<p data-wp-editing=\"1\"><a href=\"http:\/\/www.sehstoff.ch\" target=\"_blank\" rel=\"noopener noreferrer\"><img decoding=\"async\" class=\"alignnone wp-image-646\" src=\"http:\/\/bissfest.net\/website\/wp-content\/uploads\/2020\/06\/link-element-SJC.png\" alt=\"\" width=\"12\" height=\"11\" srcset=\"https:\/\/www.bissfest.net\/wp-content\/uploads\/2020\/06\/link-element-SJC.png 270w, https:\/\/www.bissfest.net\/wp-content\/uploads\/2020\/06\/link-element-SJC-150x150.png 150w, https:\/\/www.bissfest.net\/wp-content\/uploads\/2020\/06\/link-element-SJC-256x256.png 256w\" sizes=\"(max-width: 12px) 100vw, 12px\" \/><\/a><a href=\"\/index.php\/bissfest\/\" rel=\"noopener noreferrer\"> \u00a0 Presse<\/a><\/p>\n<p>[\/vc_column_text][\/vc_column][\/vc_row][vc_row disable_element=&#8221;yes&#8221;][vc_column width=&#8221;1\/3&#8243;][\/vc_column][vc_column width=&#8221;2\/3&#8243;][vc_column_text]T\u00e4glich durchgehend ge\u00f6ffnet von 09.00-22.00 Uhr, Eintritt gratis[\/vc_column_text][\/vc_column][\/vc_row][vc_row][vc_column][vc_empty_space height=&#8221;50px&#8221;][\/vc_column][\/vc_row][vc_row][vc_column width=&#8221;1\/2&#8243;][vc_column_text]<\/p>\n<div class=\"title-h1\">\n<h2><span style=\"color: #60c3d9;\"><strong>Das \u00abbissfest!\u00bb<br \/>\ngeht baden<br \/>\n<\/strong><\/span><\/h2>\n<\/div>\n<p>[\/vc_column_text][vc_column_text]W\u00e4hrend drei Wochen wurden nationale und internationale Werke von bekannten Karikaturist*innen pr\u00e4sentiert. Passend zur diesj\u00e4hrigen Er\u00f6ffnung des neuen Thermalbades war das Thema \u00abHeiss gebadet\u00bb.<\/p>\n<p>Die Werke wurden im Grossformat auf mobilen Stellw\u00e4nden in den ger\u00e4umigen Trafohallen ausgestellt. Auch in diesem Jahr k\u00fcrte eine fachkundige Jury im Vorfeld des \u00abBissfest!\u00bb die drei besten Werke. Die Preisverleihung im Beisein der Karikaturist*innen bildete gleichzeitig Abschluss und H\u00f6hepunkt des grossen Satire-Abends vom 21. Oktober.[\/vc_column_text][vc_row_inner][vc_column_inner width=&#8221;1\/4&#8243;][vc_column_text css=&#8221;.vc_custom_1630569203571{margin-top: 5px !important;}&#8221;]<\/p>\n<h3 data-wp-editing=\"1\">Danke!<\/h3>\n<p>[\/vc_column_text][vc_single_image image=&#8221;1829&#8243; img_size=&#8221;full&#8221; onclick=&#8221;custom_link&#8221; img_link_target=&#8221;_blank&#8221; interactions_enabled=&#8221;1&#8243; link=&#8221;https:\/\/www.baden.ch&#8221; css=&#8221;.vc_custom_1630569208501{margin-top: 5px !important;}&#8221;][\/vc_column_inner][vc_column_inner width=&#8221;1\/4&#8243;][vc_empty_space height=&#8221;60px&#8221;][vc_single_image image=&#8221;1865&#8243; img_size=&#8221;medium&#8221; onclick=&#8221;custom_link&#8221; img_link_target=&#8221;_blank&#8221; link=&#8221;https:\/\/www.swisslos.ch\/de\/home.html&#8221;][\/vc_column_inner][vc_column_inner width=&#8221;1\/4&#8243;][\/vc_column_inner][vc_column_inner width=&#8221;1\/4&#8243;][\/vc_column_inner][\/vc_row_inner][vc_empty_space height=&#8221;30px&#8221;][\/vc_column][vc_column width=&#8221;1\/2&#8243;][vc_single_image image=&#8221;1745&#8243; img_size=&#8221;full&#8221; onclick=&#8221;custom_link&#8221; css_animation=&#8221;fadeInUp&#8221; link=&#8221;https:\/\/www.bissfest.net\/index.php\/ausstellung\/&#8221; css=&#8221;.vc_custom_1630398678637{margin-top: 40px !important;}&#8221;][\/vc_column][\/vc_row][vc_row][vc_column][vc_empty_space height=&#8221;100px&#8221;][\/vc_column][\/vc_row][vc_row][vc_column width=&#8221;1\/2&#8243;][vc_single_image image=&#8221;1855&#8243; img_size=&#8221;full&#8221; alignment=&#8221;center&#8221; css_animation=&#8221;fadeInUp&#8221;][\/vc_column][vc_column width=&#8221;1\/2&#8243;][vc_column_text]<\/p>\n<div class=\"title-h2\">\n<p><span style=\"color: #60c3d9;\"><strong>Karikaturen<\/strong><\/span><\/p>\n<\/div>\n<p>[\/vc_column_text][vc_column_text]Eingeladen waren \u00fcber 35 nationale und internationale Karikaturist*innen, welche jeweils mit drei bis f\u00fcnf Arbeiten an der Cartoon-Ausstellung vertreten waren. Zahlreiche der gezeigten Werke wurden gezielt f\u00fcr diese Cartoon-Ausstellung gezeichnet.[\/vc_column_text][vc_column_text]<\/p>\n<p data-wp-editing=\"1\"><a href=\"http:\/\/www.sehstoff.ch\" target=\"_blank\" rel=\"noopener noreferrer\"><img decoding=\"async\" class=\"alignnone wp-image-646\" src=\"http:\/\/bissfest.net\/website\/wp-content\/uploads\/2020\/06\/link-element-SJC.png\" alt=\"\" width=\"12\" height=\"11\" srcset=\"https:\/\/www.bissfest.net\/wp-content\/uploads\/2020\/06\/link-element-SJC.png 270w, https:\/\/www.bissfest.net\/wp-content\/uploads\/2020\/06\/link-element-SJC-150x150.png 150w, https:\/\/www.bissfest.net\/wp-content\/uploads\/2020\/06\/link-element-SJC-256x256.png 256w\" sizes=\"(max-width: 12px) 100vw, 12px\" \/><\/a><a href=\"\/index.php\/karikaturisten\" rel=\"noopener noreferrer\"> \u00a0 Karikaturist*innen<\/a><\/p>\n<p>[\/vc_column_text][\/vc_column][\/vc_row][vc_row][vc_column width=&#8221;1\/2&#8243;][vc_empty_space height=&#8221;100px&#8221;][vc_column_text]<\/p>\n<div class=\"title-h2\">\n<p><span style=\"color: #60c3d9;\"><strong>Pr\u00e4mierung<\/strong><\/span><\/p>\n<\/div>\n<p>[\/vc_column_text][vc_column_text]Die besten drei Karikaturen wurden von einer Jury ausgew\u00e4hlt und mit einem Preisgeld von insgesamt CHF 3000.\u2013 honoriert.<\/p>\n<p>Die Pr\u00e4mierung und Preis\u00fcbergabe fand am Donnerstag, 21. Oktober im Programm des Satire Abend statt, die Er\u00f6ffnung der Ausstellung ebenfalls.[\/vc_column_text][vc_column_text]<\/p>\n<p data-wp-editing=\"1\"><a href=\"http:\/\/www.sehstoff.ch\" target=\"_blank\" rel=\"noopener noreferrer\"><img decoding=\"async\" class=\"alignnone wp-image-646\" src=\"http:\/\/bissfest.net\/website\/wp-content\/uploads\/2020\/06\/link-element-SJC.png\" alt=\"\" width=\"12\" height=\"11\" srcset=\"https:\/\/www.bissfest.net\/wp-content\/uploads\/2020\/06\/link-element-SJC.png 270w, https:\/\/www.bissfest.net\/wp-content\/uploads\/2020\/06\/link-element-SJC-150x150.png 150w, https:\/\/www.bissfest.net\/wp-content\/uploads\/2020\/06\/link-element-SJC-256x256.png 256w\" sizes=\"(max-width: 12px) 100vw, 12px\" \/><\/a><a href=\"\/index.php\/bissfest\/\" rel=\"noopener noreferrer\"> \u00a0 Satire Abend<\/a><\/p>\n<p>[\/vc_column_text][vc_empty_space height=&#8221;50px&#8221;][\/vc_column][vc_column width=&#8221;1\/2&#8243;][vc_empty_space height=&#8221;120px&#8221;][vc_single_image image=&#8221;1896&#8243; img_size=&#8221;full&#8221;][vc_column_text interactions_enabled=&#8221;1&#8243; disable_effects_desktop=&#8221;1&#8243; disable_effects_tablet=&#8221;1&#8243; disable_effects_mobile=&#8221;1&#8243;]<\/p>\n<h4>Die Jurymitglieder 2021<\/h4>\n<p>[\/vc_column_text][vc_column_text]Daniel Kaufmann, Senior Producer Comedy SRF<br \/>\nPirmin Kramer, Ressortchef Badener Tagblatt<br \/>\nSusanna Heim, Kulturverantwortliche Landkreis Waldshut (D)<br \/>\nErich Obrist, Stadtrat Baden, Vorsteher Kultur- &amp; Gesellschaft<br \/>\nAntonina Businger, Festgestalterin Badenfahrt 2023[\/vc_column_text][vc_empty_space height=&#8221;50&#8243;][\/vc_column][vc_column][vc_empty_space height=&#8221;100px&#8221;][vc_row_inner][vc_column_inner width=&#8221;1\/2&#8243;][vc_column_text]<strong>1. Platz<\/strong><br \/>\nFelix Schaad (CH)[\/vc_column_text][vc_single_image image=&#8221;1905&#8243; img_size=&#8221;full&#8221;][\/vc_column_inner][vc_column_inner width=&#8221;1\/2&#8243;][vc_empty_space height=&#8221;85&#8243;][vc_raw_html]JTNDZGl2JTIwc3R5bGUlM0QlMjJwYWRkaW5nJTNBNTYuMjUlMjUlMjAwJTIwMCUyMDAlM0Jwb3NpdGlvbiUzQXJlbGF0aXZlJTNCJTIyJTNFJTNDaWZyYW1lJTIwc3JjJTNEJTIyaHR0cHMlM0ElMkYlMkZwbGF5ZXIudmltZW8uY29tJTJGdmlkZW8lMkY2NDg2MDE1NjUlM0ZoJTNEZmZiNmQxN2M3MiUyNmFtcCUzQmJhZGdlJTNEMCUyNmFtcCUzQmF1dG9wYXVzZSUzRDAlMjZhbXAlM0JwbGF5ZXJfaWQlM0QwJTI2YW1wJTNCYXBwX2lkJTNENTg0NzklMjIlMjBmcmFtZWJvcmRlciUzRCUyMjAlMjIlMjBhbGxvdyUzRCUyMmF1dG9wbGF5JTNCJTIwZnVsbHNjcmVlbiUzQiUyMHBpY3R1cmUtaW4tcGljdHVyZSUyMiUyMGFsbG93ZnVsbHNjcmVlbiUyMHN0eWxlJTNEJTIycG9zaXRpb24lM0FhYnNvbHV0ZSUzQnRvcCUzQTAlM0JsZWZ0JTNBMCUzQndpZHRoJTNBMTAwJTI1JTNCaGVpZ2h0JTNBMTAwJTI1JTNCJTIyJTIwdGl0bGUlM0QlMjJTbGFtSmFtJTIwVmlkZW9ib3RzY2hhZnRlbiUyMEZlbGl4JTIwU2NoYWFkJTIyJTNFJTNDJTJGaWZyYW1lJTNFJTNDJTJGZGl2JTNFJTNDc2NyaXB0JTIwc3JjJTNEJTIyaHR0cHMlM0ElMkYlMkZwbGF5ZXIudmltZW8uY29tJTJGYXBpJTJGcGxheWVyLmpzJTIyJTNFJTNDJTJGc2NyaXB0JTNF[\/vc_raw_html][\/vc_column_inner][\/vc_row_inner][vc_empty_space height=&#8221;100&#8243;][vc_row_inner][vc_column_inner width=&#8221;1\/2&#8243;][vc_column_text css=&#8221;.vc_custom_1637848614330{margin-bottom: 50px !important;}&#8221;]<strong>2. Platz<\/strong><br \/>\nStefan \u00abSchlorian\u00bb Haller (CH)[\/vc_column_text][vc_single_image image=&#8221;1909&#8243; img_size=&#8221;large&#8221; onclick=&#8221;custom_link&#8221; img_link_target=&#8221;_blank&#8221; link=&#8221;https:\/\/www.schlorian.ch&#8221;][\/vc_column_inner][vc_column_inner width=&#8221;1\/2&#8243;][vc_empty_space height=&#8221;100&#8243;][vc_single_image image=&#8221;2230&#8243; img_size=&#8221;large&#8221; onclick=&#8221;custom_link&#8221; img_link_target=&#8221;_blank&#8221; link=&#8221;https:\/\/www.schlorian.ch&#8221;][\/vc_column_inner][\/vc_row_inner][vc_empty_space height=&#8221;100&#8243;][vc_row_inner][vc_column_inner width=&#8221;1\/2&#8243;][vc_column_text]<strong>3. Platz<\/strong><br \/>\nRuedi Widmer (CH)[\/vc_column_text][vc_single_image image=&#8221;1915&#8243; img_size=&#8221;full&#8221; onclick=&#8221;custom_link&#8221; img_link_target=&#8221;_blank&#8221; link=&#8221;https:\/\/ruediwidmer.ch&#8221;][\/vc_column_inner][vc_column_inner width=&#8221;1\/2&#8243;][vc_empty_space height=&#8221;85&#8243;][vc_raw_html]JTNDZGl2JTIwc3R5bGUlM0QlMjJwYWRkaW5nJTNBNTYuMjUlMjUlMjAwJTIwMCUyMDAlM0Jwb3NpdGlvbiUzQXJlbGF0aXZlJTNCJTIyJTNFJTNDaWZyYW1lJTIwc3JjJTNEJTIyaHR0cHMlM0ElMkYlMkZwbGF5ZXIudmltZW8uY29tJTJGdmlkZW8lMkY2NDg5MTYzNjAlM0ZoJTNEODc5M2NjMDA4ZiUyNmFtcCUzQmJhZGdlJTNEMCUyNmFtcCUzQmF1dG9wYXVzZSUzRDAlMjZhbXAlM0JwbGF5ZXJfaWQlM0QwJTI2YW1wJTNCYXBwX2lkJTNENTg0NzklMjIlMjBmcmFtZWJvcmRlciUzRCUyMjAlMjIlMjBhbGxvdyUzRCUyMmF1dG9wbGF5JTNCJTIwZnVsbHNjcmVlbiUzQiUyMHBpY3R1cmUtaW4tcGljdHVyZSUyMiUyMGFsbG93ZnVsbHNjcmVlbiUyMHN0eWxlJTNEJTIycG9zaXRpb24lM0FhYnNvbHV0ZSUzQnRvcCUzQTAlM0JsZWZ0JTNBMCUzQndpZHRoJTNBMTAwJTI1JTNCaGVpZ2h0JTNBMTAwJTI1JTNCJTIyJTIwdGl0bGUlM0QlMjJTbGFtSmFtJTIwVmlkZW9ib3RzY2hhZnRfUnVlZGklMjBXaWRtZXIlMjIlM0UlM0MlMkZpZnJhbWUlM0UlM0MlMkZkaXYlM0UlM0NzY3JpcHQlMjBzcmMlM0QlMjJodHRwcyUzQSUyRiUyRnBsYXllci52aW1lby5jb20lMkZhcGklMkZwbGF5ZXIuanMlMjIlM0UlM0MlMkZzY3JpcHQlM0U=[\/vc_raw_html][\/vc_column_inner][\/vc_row_inner][vc_empty_space height=&#8221;100&#8243;][\/vc_column][\/vc_row][vc_row css=&#8221;.vc_custom_1637232499975{margin-bottom: 50px !important;}&#8221;][vc_column width=&#8221;1\/2&#8243;][vc_column_text]<\/p>\n<div class=\"title-h2\">\n<p><span style=\"color: #60c3d9;\"><strong>Publikumspreis<\/strong><\/span><\/p>\n<\/div>\n<p>[\/vc_column_text][vc_column_text]Sie haben gew\u00e4hlt. Der Publikumspreis geht an K\u00fcnstler Silvan \u00abSwen\u00bb Wegmann mit einem Preisgeld von CHF 1000.-, gesponsert durch Ukurba.[\/vc_column_text][vc_row_inner][vc_column_inner][vc_column_text css=&#8221;.vc_custom_1635236955019{margin-top: 18px !important;}&#8221;]<\/p>\n<h3 data-wp-editing=\"1\">Danke!<\/h3>\n<p>[\/vc_column_text][vc_single_image image=&#8221;2045&#8243; img_size=&#8221;full&#8221; onclick=&#8221;custom_link&#8221; img_link_target=&#8221;_blank&#8221; interactions_enabled=&#8221;1&#8243; link=&#8221;http:\/\/ukurba.ch\/index.html&#8221;][\/vc_column_inner][\/vc_row_inner][\/vc_column][vc_column width=&#8221;1\/2&#8243;][vc_single_image image=&#8221;2120&#8243; img_size=&#8221;full&#8221;][vc_column_text]Preis\u00fcbergabe durch Ukurba-Vertreter Arthur Hardmeier an Cartoonist Silvan \u00abSwen\u00bb Wegmann.[\/vc_column_text][\/vc_column][\/vc_row][vc_row disable_element=&#8221;yes&#8221;][vc_column width=&#8221;1\/2&#8243;][\/vc_column][vc_column width=&#8221;1\/2&#8243;][vc_column_text]Ihre Stimme z\u00e4hlt. Besuchen Sie die Cartoon-Ausstellung noch bis am 14. November und voten Sie f\u00fcr Ihren Lieblings-Cartoon. Mit Ihrer Stimme gewinnt der pr\u00e4mierte K\u00fcnstler ein Preisgeld von CHF 1000.-.<\/p>\n<p>Unter den Teilnehmenden verlosen wir den Sieger Cartoon eingerahmt und vom K\u00fcnstler pers\u00f6nlich signiert.[\/vc_column_text][vc_column_text]<\/p>\n<p data-wp-editing=\"1\"><a href=\"http:\/\/www.sehstoff.ch\" target=\"_blank\" rel=\"noopener noreferrer\"><img decoding=\"async\" class=\"alignnone wp-image-646\" src=\"http:\/\/bissfest.net\/website\/wp-content\/uploads\/2020\/06\/link-element-SJC.png\" alt=\"\" width=\"12\" height=\"11\" srcset=\"https:\/\/www.bissfest.net\/wp-content\/uploads\/2020\/06\/link-element-SJC.png 270w, https:\/\/www.bissfest.net\/wp-content\/uploads\/2020\/06\/link-element-SJC-150x150.png 150w, https:\/\/www.bissfest.net\/wp-content\/uploads\/2020\/06\/link-element-SJC-256x256.png 256w\" sizes=\"(max-width: 12px) 100vw, 12px\" \/><\/a><a href=\"https:\/\/www.stiftwerk.ch\/publikumspreis\" target=\"_blank\" rel=\"noopener noreferrer\"> \u00a0 Jetzt voten<\/a><\/p>\n<p>[\/vc_column_text][\/vc_column][\/vc_row][vc_row][vc_column][vc_column_text]Sieger-Cartoon Publikumspreis[\/vc_column_text][vc_row_inner][vc_column_inner][vc_single_image image=&#8221;2109&#8243; img_size=&#8221;full&#8221; onclick=&#8221;custom_link&#8221; img_link_target=&#8221;_blank&#8221; interactions_enabled=&#8221;1&#8243; link=&#8221;https:\/\/www.swen.ch&#8221;][\/vc_column_inner][\/vc_row_inner][\/vc_column][\/vc_row][vc_row][vc_column][vc_empty_space height=&#8221;100px&#8221;][\/vc_column][\/vc_row][vc_row][vc_column width=&#8221;1\/2&#8243;][vc_column_text]<\/p>\n<div class=\"title-h2\">\n<p><span style=\"color: #60c3d9;\"><strong>F\u00fchrungen<\/strong><\/span><\/p>\n<\/div>\n<p>[\/vc_column_text][vc_column_text]Die Ausstellung konnte als Gruppe gef\u00fchrt besucht werden. Willkommen waren Schulklassen, Firmen und Vereine, aber auch Privatpersonen als Gruppe ab 10 Personen.[\/vc_column_text][vc_column_text]<\/p>\n<p data-wp-editing=\"1\"><a href=\"http:\/\/www.sehstoff.ch\" target=\"_blank\" rel=\"noopener noreferrer\"><img decoding=\"async\" class=\"alignnone wp-image-646\" src=\"http:\/\/bissfest.net\/website\/wp-content\/uploads\/2020\/06\/link-element-SJC.png\" alt=\"\" width=\"12\" height=\"11\" srcset=\"https:\/\/www.bissfest.net\/wp-content\/uploads\/2020\/06\/link-element-SJC.png 270w, https:\/\/www.bissfest.net\/wp-content\/uploads\/2020\/06\/link-element-SJC-150x150.png 150w, https:\/\/www.bissfest.net\/wp-content\/uploads\/2020\/06\/link-element-SJC-256x256.png 256w\" sizes=\"(max-width: 12px) 100vw, 12px\" \/><\/a><a href=\"\/index.php\/kontakt\/\" rel=\"noopener noreferrer\"> \u00a0 Kontakt<\/a><\/p>\n<p>[\/vc_column_text][\/vc_column][vc_column width=&#8221;1\/2&#8243;][vc_single_image image=&#8221;1926&#8243; img_size=&#8221;full&#8221;][\/vc_column][\/vc_row][vc_row disable_element=&#8221;yes&#8221;][vc_column width=&#8221;1\/2&#8243;][vc_column_text]<\/p>\n<div class=\"title-h2\">\n<p><span style=\"color: #60c3d9;\"><strong>F\u00fchrungen<\/strong><\/span><\/p>\n<\/div>\n<p>[\/vc_column_text][vc_column_text]Wenn Sie die Cartoon-Ausstellung als Gruppe gef\u00fchrt besuchen und Insider-Wissen erhalten m\u00f6chten, vereinbaren Sie einen Termin mit uns. Willkommen sind Schulklassen, Firmen und Vereine, aber auch Privatpersonen als Gruppe ab 10 Personen.<\/p>\n<p>Sprechen Sie mit uns, die F\u00fchrung kann mit einem Ap\u00e9ro enden oder mit weiteren karikaturistischen Einlagen gespickt werden, und so zu einem inspirierend kommunikativen Ereignis werden.[\/vc_column_text][vc_column_text]<\/p>\n<p data-wp-editing=\"1\"><a href=\"http:\/\/www.sehstoff.ch\" target=\"_blank\" rel=\"noopener noreferrer\"><img decoding=\"async\" class=\"alignnone wp-image-646\" src=\"http:\/\/bissfest.net\/website\/wp-content\/uploads\/2020\/06\/link-element-SJC.png\" alt=\"\" width=\"12\" height=\"11\" srcset=\"https:\/\/www.bissfest.net\/wp-content\/uploads\/2020\/06\/link-element-SJC.png 270w, https:\/\/www.bissfest.net\/wp-content\/uploads\/2020\/06\/link-element-SJC-150x150.png 150w, https:\/\/www.bissfest.net\/wp-content\/uploads\/2020\/06\/link-element-SJC-256x256.png 256w\" sizes=\"(max-width: 12px) 100vw, 12px\" \/><\/a><a href=\"\/index.php\/kontakt\/\" rel=\"noopener noreferrer\"> \u00a0 Kontakt<\/a><\/p>\n<p>[\/vc_column_text][\/vc_column][vc_column width=&#8221;1\/2&#8243;][\/vc_column][\/vc_row][vc_row][vc_column][vc_empty_space height=&#8221;100px&#8221;][\/vc_column][\/vc_row][vc_row][vc_column][vc_column_text]<\/p>\n<div class=\"title-h2\">\n<p><span style=\"color: #60c3d9;\"><strong>Ausstellungsort<\/strong><\/span><\/p>\n<\/div>\n<p>[\/vc_column_text][\/vc_column][\/vc_row][vc_row][vc_column width=&#8221;1\/3&#8243;][vc_single_image image=&#8221;935&#8243; img_size=&#8221;full&#8221; css_animation=&#8221;fadeInUp&#8221;][\/vc_column][vc_column width=&#8221;2\/3&#8243;][vc_raw_html]JTNDaWZyYW1lJTIwc3JjJTNEJTIyaHR0cHMlM0ElMkYlMkZ3d3cuZ29vZ2xlLmNvbSUyRm1hcHMlMkZlbWJlZCUzRnBiJTNEJTIxMW0xOCUyMTFtMTIlMjExbTMlMjExZDExMzUuNDgyNzYyNzUzMDk1NCUyMTJkOC4zMDU1ODc3MzExOTg1NiUyMTNkNDcuNDc4MTA5NTYxNTAwNjclMjEybTMlMjExZjAlMjEyZjAlMjEzZjAlMjEzbTIlMjExaTEwMjQlMjEyaTc2OCUyMTRmMTMuMSUyMTNtMyUyMTFtMiUyMTFzMHg0NzkwNmNjMGFmZmJhYTliJTI1M0EweGNiMjhiNTc1MTBkZWMwMTglMjEyc0JhZGVuJTI1MkMlMjUyMFRyYWZvJTIxNWUxJTIxM20yJTIxMXNkZSUyMTJzY2glMjE0djE1OTMxODU5MTAxMDElMjE1bTIlMjExc2RlJTIxMnNjaCUyMiUyMHdpZHRoJTNEJTIyMTAwJTI1JTIyJTIwaGVpZ2h0JTNEJTIyMzY1JTIyJTIwZnJhbWVib3JkZXIlM0QlMjIwJTIyJTIwc3R5bGUlM0QlMjJib3JkZXIlM0EwJTNCJTIyJTIwYWxsb3dmdWxsc2NyZWVuJTNEJTIyJTIyJTIwYXJpYS1oaWRkZW4lM0QlMjJmYWxzZSUyMiUyMHRhYmluZGV4JTNEJTIyMCUyMiUzRSUzQyUyRmlmcmFtZSUzRQ==[\/vc_raw_html][\/vc_column][\/vc_row][vc_row][vc_column width=&#8221;2\/3&#8243;][vc_column_text]Die Trafo Hallen in Baden sind Zeitzeugen der Aargauer Industrie \u2013 und damit der ideale Ort f\u00fcr die Ausstellung.<\/p>\n<p>Auf mobilen Stellw\u00e4nden werden die Karikaturen in den frei zug\u00e4nglichen Hallen oder Foyers w\u00e4hrend den allgemeinen \u00d6ffnungszeiten der Trafo Hallen pr\u00e4sentiert, dabei kann der Standort wechseln. Wir empfehlen die Anreise mit \u00d6V.[\/vc_column_text][\/vc_column][vc_column width=&#8221;1\/3&#8243;][vc_column_text]<\/p>\n<h4>T\u00e4glich ge\u00f6ffnet<br \/>\n9-22 Uhr<br \/>\nEintritt gratis<\/h4>\n<p>[\/vc_column_text][vc_column_text]<a href=\"http:\/\/www.sehstoff.ch\" target=\"_blank\" rel=\"noopener noreferrer\"><img decoding=\"async\" class=\"alignnone wp-image-646\" src=\"http:\/\/bissfest.net\/website\/wp-content\/uploads\/2020\/06\/link-element-SJC.png\" alt=\"\" width=\"12\" height=\"11\" srcset=\"https:\/\/www.bissfest.net\/wp-content\/uploads\/2020\/06\/link-element-SJC.png 270w, https:\/\/www.bissfest.net\/wp-content\/uploads\/2020\/06\/link-element-SJC-150x150.png 150w, https:\/\/www.bissfest.net\/wp-content\/uploads\/2020\/06\/link-element-SJC-256x256.png 256w\" sizes=\"(max-width: 12px) 100vw, 12px\" \/><\/a><a href=\"https:\/\/www.trafobaden.ch\" target=\"_blank\" rel=\"noopener noreferrer\"> \u00a0 trafobaden.ch<\/a>[\/vc_column_text][\/vc_column][\/vc_row][vc_row][vc_column][vc_empty_space height=&#8221;100px&#8221;][\/vc_column][\/vc_row]<\/p>\n<\/section>","protected":false},"excerpt":{"rendered":"<p>[vc_row][vc_column][vc_empty_space height=&#8221;130px&#8221;][\/vc_column][\/vc_row][vc_row][vc_column width=&#8221;1\/3&#8243;][vc_single_image image=&#8221;900&#8243; img_size=&#8221;full&#8221;][\/vc_column][vc_column width=&#8221;2\/3&#8243;][vc_column_text] CARTOON AUSSTELLUNG [\/vc_column_text][vc_column_text] 22. Oktober &#8211; 14. November 2021 Trafo Hallen Baden [\/vc_column_text][vc_column_text] Was&#8230;<\/p>\n","protected":false},"author":1,"featured_media":0,"parent":0,"menu_order":0,"comment_status":"closed","ping_status":"open","template":"","meta":[],"_links":{"self":[{"href":"https:\/\/www.bissfest.net\/index.php\/wp-json\/wp\/v2\/pages\/604"}],"collection":[{"href":"https:\/\/www.bissfest.net\/index.php\/wp-json\/wp\/v2\/pages"}],"about":[{"href":"https:\/\/www.bissfest.net\/index.php\/wp-json\/wp\/v2\/types\/page"}],"author":[{"embeddable":true,"href":"https:\/\/www.bissfest.net\/index.php\/wp-json\/wp\/v2\/users\/1"}],"replies":[{"embeddable":true,"href":"https:\/\/www.bissfest.net\/index.php\/wp-json\/wp\/v2\/comments?post=604"}],"version-history":[{"count":601,"href":"https:\/\/www.bissfest.net\/index.php\/wp-json\/wp\/v2\/pages\/604\/revisions"}],"predecessor-version":[{"id":1571,"href":"https:\/\/www.bissfest.net\/index.php\/wp-json\/wp\/v2\/pages\/604\/revisions\/1571"}],"wp:attachment":[{"href":"https:\/\/www.bissfest.net\/index.php\/wp-json\/wp\/v2\/media?parent=604"}],"curies":[{"name":"wp","href":"https:\/\/api.w.org\/{rel}","templated":true}]}}