{"id":2327,"date":"2019-01-11T11:50:36","date_gmt":"2019-01-11T11:50:36","guid":{"rendered":"https:\/\/bissfest.net.hera.ch-meta.net\/?page_id=2327"},"modified":"2023-06-16T11:43:52","modified_gmt":"2023-06-16T11:43:52","slug":"bissfest-2-2-5","status":"publish","type":"page","link":"https:\/\/www.bissfest.net\/index.php\/bissfest-2-2-5\/","title":{"rendered":"Christine Prayon"},"content":{"rendered":"<section class=\"wpb-content-wrapper\"><p>[vc_row][vc_column][vc_empty_space height=&#8221;100px&#8221;][vc_column_text]<\/p>\n<h2>Christine Prayon<\/h2>\n<p>[\/vc_column_text][\/vc_column][\/vc_row][vc_row][vc_column width=&#8221;1\/2&#8243;][vc_single_image image=&#8221;2434&#8243; img_size=&#8221;full&#8221;][\/vc_column][vc_column width=&#8221;1\/2&#8243;][vc_column_text]Christine Prayon pr\u00e4sentiert ihr aktuelles Programm \u00abDie Abschiedstour\u00bb, wo sie uns grosse Gef\u00fchle und entspanntes Denken verspricht. Die Kabarettistin und Schauspielerin ist mit dem deutschen Kleinkunstpreis, dem Prix Pantheon sowie dem Dieter-Hildebrandt-Preis ausgezeichnet. Sie absolvierte von 1996 bis 2000 eine Schauspielausbildung an der Theaterakademie August Everding in M\u00fcnchen. Ihr Fernsehdeb\u00fct hatte sie ebenfalls im Jahr 1996 mit einer kleinen Rolle in einer Daily Soap. Heute ist sie untern anderem bekannt aus der \u00abZDF.heute-show\u00bb und \u00abDie Anstalt\u00bb.<\/p>\n<p>Hier erfahren Sie schonmal was sie NICHT bekommen\u2026<\/p>\n<p>\u00abchristine prayon wird kein kabarett im landl\u00e4ufigen sinne machen sie interessiert sich nicht f\u00fcr die pure kritik am bestehenden wenn nicht gleichzeitig \u00fcber alternativen und utopien geredet wird auch findet sie dass es an der zeit ist die welt zu retten das kann sie aber nicht alleine was sie \u00fcbrigens auch nicht kann und noch viel weniger will ist am klavier sitzen und \u00fcber sogenannte frauenthemen singen daf\u00fcr ist sie ganz und gar die falsche falls sie das erwarten werden sie bitter entt\u00e4uscht also erwarten sie lieber nichts denn ihre sehgewohnheiten werden sowieso unterlaufen werden ach ja und birte schneider steht heute abend \u00fcbrigens auch nicht auf der b\u00fchne wer ist das \u00fcberhaupt.\u00bb[\/vc_column_text][vc_empty_space height=&#8221;100px&#8221;][\/vc_column][\/vc_row][vc_row][vc_column][\/vc_column][\/vc_row]<\/p>\n<\/section>","protected":false},"excerpt":{"rendered":"<p>[vc_row][vc_column][vc_empty_space height=&#8221;100px&#8221;][vc_column_text] Christine Prayon [\/vc_column_text][\/vc_column][\/vc_row][vc_row][vc_column width=&#8221;1\/2&#8243;][vc_single_image image=&#8221;2434&#8243; img_size=&#8221;full&#8221;][\/vc_column][vc_column width=&#8221;1\/2&#8243;][vc_column_text]Christine Prayon pr\u00e4sentiert ihr aktuelles Programm \u00abDie Abschiedstour\u00bb, wo sie uns grosse&#8230;<\/p>\n","protected":false},"author":1,"featured_media":0,"parent":0,"menu_order":0,"comment_status":"closed","ping_status":"open","template":"","meta":[],"_links":{"self":[{"href":"https:\/\/www.bissfest.net\/index.php\/wp-json\/wp\/v2\/pages\/2327"}],"collection":[{"href":"https:\/\/www.bissfest.net\/index.php\/wp-json\/wp\/v2\/pages"}],"about":[{"href":"https:\/\/www.bissfest.net\/index.php\/wp-json\/wp\/v2\/types\/page"}],"author":[{"embeddable":true,"href":"https:\/\/www.bissfest.net\/index.php\/wp-json\/wp\/v2\/users\/1"}],"replies":[{"embeddable":true,"href":"https:\/\/www.bissfest.net\/index.php\/wp-json\/wp\/v2\/comments?post=2327"}],"version-history":[{"count":8,"href":"https:\/\/www.bissfest.net\/index.php\/wp-json\/wp\/v2\/pages\/2327\/revisions"}],"predecessor-version":[{"id":2658,"href":"https:\/\/www.bissfest.net\/index.php\/wp-json\/wp\/v2\/pages\/2327\/revisions\/2658"}],"wp:attachment":[{"href":"https:\/\/www.bissfest.net\/index.php\/wp-json\/wp\/v2\/media?parent=2327"}],"curies":[{"name":"wp","href":"https:\/\/api.w.org\/{rel}","templated":true}]}}