{"id":2270,"date":"2020-06-21T20:52:24","date_gmt":"2020-06-21T20:52:24","guid":{"rendered":"https:\/\/bissfest.net.hera.ch-meta.net\/?page_id=2270"},"modified":"2026-04-14T13:52:31","modified_gmt":"2026-04-14T13:52:31","slug":"ausstellung-3","status":"publish","type":"page","link":"https:\/\/www.bissfest.net\/index.php\/ausstellung-3\/","title":{"rendered":"Cartoon-Ausstellung 23"},"content":{"rendered":"<section class=\"wpb-content-wrapper\"><p>[vc_row][vc_column][vc_empty_space height=&#8221;130px&#8221;][\/vc_column][\/vc_row][vc_row][vc_column][vc_column_text]<\/p>\n<div class=\"title-h1\">\n<p><span style=\"color: #60c3d9;\">CARTOON AUSSTELLUNG 2023<br \/>\n<\/span><\/p>\n<\/div>\n<p>[\/vc_column_text][vc_column_text]<\/p>\n<div class=\"title-h1 title-h3\">\n<p>22 OKT &#8211; 09 NOV<strong><br \/>\n<\/strong><\/p>\n<\/div>\n<p>Gratis Eintritt \/ T\u00e4glich ge\u00f6ffnet von 9-22 Uhr[\/vc_column_text][vc_column_text]<\/p>\n<h4><strong>Karikaturen beleuchten humorvoll, geistreich und kritisch unsere Realit\u00e4t, sie entzerren die Wirklichkeit und Kenntlichkeit und halten der Gesellschaft den Spiegel vor. In der Cartoon-Ausstellung des Bissfest 2023 nehmen Cartoonist*innen aus der Schweiz, Deutschland und \u00d6sterreich das Thema <span class=\"ILfuVd\"><span class=\"hgKElc\">\u00abUnter Strom\u00bb<\/span><\/span> satirisch unter die Lupe.<\/strong><\/h4>\n<p>unterst\u00fctzt von[\/vc_column_text][vc_single_image image=&#8221;1829&#8243; img_size=&#8221;full&#8221; onclick=&#8221;custom_link&#8221; img_link_target=&#8221;_blank&#8221; interactions_enabled=&#8221;1&#8243; link=&#8221;https:\/\/www.baden.ch&#8221; css=&#8221;.vc_custom_1630569208501{margin-top: 5px !important;}&#8221;][\/vc_column][\/vc_row][vc_row][vc_column width=&#8221;1\/2&#8243;][vc_single_image image=&#8221;2422&#8243; img_size=&#8221;full&#8221; onclick=&#8221;custom_link&#8221; css_animation=&#8221;fadeInUp&#8221;][vc_column_text]<\/p>\n<div class=\"title-h2\">\n<p><span style=\"color: #60c3d9;\"><strong>\u00abUnter Strom\u00bb<br \/>\n<\/strong><\/span><\/p>\n<\/div>\n<p>[\/vc_column_text][vc_column_text]Die diesj\u00e4hrige Cartoon Ausstellung steht unter dem aktuellen Thema \u00abUnter Strom\u00bb. Die Werke von bekannten Cartoonist:innen werden im Grossformat auf mobilen Stellw\u00e4nden ausgestellt. An den Shows und am Forum, und danach bis 09. November in der Mall des Trafo Baden.[\/vc_column_text][\/vc_column][vc_column width=&#8221;1\/2&#8243;][vc_single_image image=&#8221;2597&#8243; img_size=&#8221;full&#8221; alignment=&#8221;center&#8221; css_animation=&#8221;fadeInUp&#8221;][vc_column_text]<\/p>\n<div class=\"title-h2\">\n<p><span style=\"color: #60c3d9;\"><strong>Cartoonist:innen<\/strong><\/span><\/p>\n<\/div>\n<p>[\/vc_column_text][vc_column_text]\u00dcber 30 K\u00fcnstler:innen aus der Schweiz, Deutschland und \u00d6sterreich haben auf Einladung gezeichnet oder vorhandene Arbeiten zum Thema eingereicht. In der Ausstellung zeigen sie jeweils drei bis f\u00fcnf Arbeiten.<\/p>\n<p><a href=\"https:\/\/www.bissfest.net\/index.php\/cartoonistinnen-2023\/\" rel=\"noopener\">Cartoonist:innen<\/a>[\/vc_column_text][\/vc_column][\/vc_row][vc_row el_id=&#8221;#praemierung&#8221;][vc_column width=&#8221;1\/2&#8243;][vc_single_image image=&#8221;2860&#8243; img_size=&#8221;full&#8221; css_animation=&#8221;fadeInUp&#8221;][vc_column_text]<\/p>\n<div class=\"title-h2\">\n<p><span style=\"color: #60c3d9;\"><strong>Jury<br \/>\n<\/strong><\/span><\/p>\n<\/div>\n<p>[\/vc_column_text][vc_column_text]Die fachkundige Jury hat die Shortlist erstellt und daraus die besten Werke gew\u00e4hlt &#8211; dieses Jahr gibt es zwei 3. Pl\u00e4tze.<\/p>\n<p>vlnr. Marco Ratschiller (Cartoonist), Julia Stephan (Ressortleiterin Kultur ch media), Simon Libsig (Spoken Word K\u00fcnstler), Menf Rhyner (B\u00fchne Heimat), Angela Heimberg (Comix Shop)[\/vc_column_text][\/vc_column][vc_column width=&#8221;1\/2&#8243;][vc_single_image image=&#8221;2950&#8243; img_size=&#8221;full&#8221; css_animation=&#8221;fadeInUp&#8221;][vc_column_text]<\/p>\n<div class=\"title-h2\">\n<p><span style=\"color: #60c3d9;\"><strong>Pr\u00e4mierung<\/strong><\/span><\/p>\n<\/div>\n<p>[\/vc_column_text][vc_column_text]Die besten drei Karikaturen wurden von einer Jury ausgew\u00e4hlt und mit einem Preisgeld von insgesamt CHF 3000.\u2013 honoriert, gesponsert von Regionalwerke AG Baden.<\/p>\n<p>Die Pr\u00e4mierung und Preis\u00fcbergabe fand am Samstag, 21. Oktober im Programm der Satire Show statt, die Er\u00f6ffnung der Ausstellung ebenfalls.[\/vc_column_text][\/vc_column][\/vc_row][vc_row el_id=&#8221;gewinner&#8221;][vc_column width=&#8221;1\/2&#8243;][\/vc_column][vc_column width=&#8221;1\/2&#8243;][\/vc_column][\/vc_row][vc_row][vc_column width=&#8221;1\/2&#8243;][vc_column_text]<strong>1. Platz<br \/>\n<\/strong>Bahr Frank<strong><br \/>\n<\/strong>[\/vc_column_text][vc_single_image image=&#8221;2930&#8243; img_size=&#8221;429&#215;512&#8243;][\/vc_column][vc_column width=&#8221;1\/2&#8243; css=&#8221;.vc_custom_1698219898859{padding-top: 85px !important;}&#8221;][vc_raw_html]JTNDZGl2JTIwc3R5bGUlM0QlMjJwYWRkaW5nJTNBNTYuMjUlMjUlMjAwJTIwMCUyMDAlM0Jwb3NpdGlvbiUzQXJlbGF0aXZlJTNCJTIyJTNFJTNDaWZyYW1lJTIwc3JjJTNEJTIyaHR0cHMlM0ElMkYlMkZwbGF5ZXIudmltZW8uY29tJTJGdmlkZW8lMkY4Nzc3ODMwMTMlM0ZiYWRnZSUzRDAlMjZhbXAlM0JhdXRvcGF1c2UlM0QwJTI2YW1wJTNCcXVhbGl0eV9zZWxlY3RvciUzRDElMjZhbXAlM0JwbGF5ZXJfaWQlM0QwJTI2YW1wJTNCYXBwX2lkJTNENTg0NzklMjIlMjBmcmFtZWJvcmRlciUzRCUyMjAlMjIlMjBhbGxvdyUzRCUyMmF1dG9wbGF5JTNCJTIwZnVsbHNjcmVlbiUzQiUyMHBpY3R1cmUtaW4tcGljdHVyZSUyMiUyMHN0eWxlJTNEJTIycG9zaXRpb24lM0FhYnNvbHV0ZSUzQnRvcCUzQTAlM0JsZWZ0JTNBMCUzQndpZHRoJTNBMTAwJTI1JTNCaGVpZ2h0JTNBMTAwJTI1JTNCJTIyJTIwdGl0bGUlM0QlMjJCaXNzZmVzdDIzLUdld2lubmVyLUZyYW5rLUJhaHIlMjIlM0UlM0MlMkZpZnJhbWUlM0UlM0MlMkZkaXYlM0UlM0NzY3JpcHQlMjBzcmMlM0QlMjJodHRwcyUzQSUyRiUyRnBsYXllci52aW1lby5jb20lMkZhcGklMkZwbGF5ZXIuanMlMjIlM0UlM0MlMkZzY3JpcHQlM0U=[\/vc_raw_html][\/vc_column][\/vc_row][vc_row][vc_column width=&#8221;1\/2&#8243;][\/vc_column][vc_column width=&#8221;1\/2&#8243;][\/vc_column][\/vc_row][vc_row][vc_column width=&#8221;1\/2&#8243;][vc_column_text]<strong>2. Platz<br \/>\n<\/strong>Ottitsch Oliver[\/vc_column_text][vc_single_image image=&#8221;2931&#8243; img_size=&#8221;469&#215;506&#8243;][\/vc_column][vc_column width=&#8221;1\/2&#8243;][vc_single_image image=&#8221;2947&#8243; img_size=&#8221;full&#8221; css=&#8221;.vc_custom_1698073215838{padding-top: 60px !important;}&#8221;][\/vc_column][\/vc_row][vc_row][vc_column width=&#8221;1\/2&#8243;][\/vc_column][vc_column width=&#8221;1\/2&#8243;][\/vc_column][\/vc_row][vc_row][vc_column width=&#8221;1\/2&#8243;][vc_column_text]<strong>3. Platz<br \/>\n<\/strong>Frank Annika[\/vc_column_text][vc_single_image image=&#8221;2932&#8243; img_size=&#8221;full&#8221;][\/vc_column][vc_column width=&#8221;1\/2&#8243;][vc_single_image image=&#8221;2934&#8243; img_size=&#8221;full&#8221; css=&#8221;.vc_custom_1698073105837{padding-top: 100px !important;}&#8221;][\/vc_column][\/vc_row][vc_row][vc_column width=&#8221;1\/2&#8243;][vc_column_text]<strong>3. Platz<br \/>\n<\/strong>Haller Stefan[\/vc_column_text][vc_single_image image=&#8221;2933&#8243; img_size=&#8221;452&#215;640&#8243;][\/vc_column][vc_column width=&#8221;1\/2&#8243;][vc_single_image image=&#8221;2938&#8243; img_size=&#8221;full&#8221; css=&#8221;.vc_custom_1698073088699{padding-top: 120px !important;}&#8221;][vc_column_text]<strong>\u00abDritter Platz\u00bb<\/strong><br \/>\n<a href=\"https:\/\/www.bissfest.net\/wp-content\/uploads\/2023\/12\/bissdest23-24h-2023-stefan-haller.pdf\" target=\"_blank\" rel=\"noopener\">24-Stunden-Reportage<\/a> zum Bissfest von <a href=\"https:\/\/www.schlorian.ch\" target=\"_blank\" rel=\"noopener\">schlorian.ch<\/a>[\/vc_column_text][\/vc_column][\/vc_row][vc_row el_disable_desktop=&#8221;1&#8243; el_disable_tablet=&#8221;1&#8243; el_disable_mobile=&#8221;1&#8243; css=&#8221;.vc_custom_1686322896181{margin-bottom: 50px !important;}&#8221;][vc_column width=&#8221;1\/2&#8243;][vc_single_image image=&#8221;2054&#8243; img_size=&#8221;full&#8221;][\/vc_column][vc_column width=&#8221;1\/2&#8243;][vc_column_text]<\/p>\n<div class=\"title-h2\">\n<p><span style=\"color: #60c3d9;\"><strong>Publikumspreis<\/strong><\/span><\/p>\n<\/div>\n<p>[\/vc_column_text][vc_column_text]Ihre Stimme z\u00e4hlt. Besuchen Sie die Cartoon-Ausstellung noch bis am 14. November und voten Sie f\u00fcr Ihren Lieblings-Cartoon. Mit Ihrer Stimme gewinnt der pr\u00e4mierte K\u00fcnstler ein Preisgeld von CHF 1000.-.<\/p>\n<p>Unter den Teilnehmenden verlosen wir den Sieger Cartoon eingerahmt und vom K\u00fcnstler pers\u00f6nlich signiert.[\/vc_column_text][vc_column_text]<\/p>\n<p data-wp-editing=\"1\"><a href=\"http:\/\/www.sehstoff.ch\" target=\"_blank\" rel=\"noopener noreferrer\"><img decoding=\"async\" class=\"alignnone wp-image-646\" src=\"http:\/\/bissfest.net\/website\/wp-content\/uploads\/2020\/06\/link-element-SJC.png\" alt=\"\" width=\"12\" height=\"11\" srcset=\"https:\/\/www.bissfest.net\/wp-content\/uploads\/2020\/06\/link-element-SJC.png 270w, https:\/\/www.bissfest.net\/wp-content\/uploads\/2020\/06\/link-element-SJC-150x150.png 150w, https:\/\/www.bissfest.net\/wp-content\/uploads\/2020\/06\/link-element-SJC-256x256.png 256w\" sizes=\"(max-width: 12px) 100vw, 12px\" \/><\/a><a href=\"https:\/\/www.stiftwerk.ch\/publikumspreis\" target=\"_blank\" rel=\"noopener noreferrer\"> \u00a0 Jetzt voten<\/a><\/p>\n<p>[\/vc_column_text][vc_column_text css=&#8221;.vc_custom_1685111465305{margin-top: 18px !important;}&#8221;]<\/p>\n<h3 style=\"text-align: center;\" data-wp-editing=\"1\">Danke!<\/h3>\n<p>[\/vc_column_text][vc_single_image image=&#8221;2045&#8243; img_size=&#8221;full&#8221; alignment=&#8221;center&#8221; onclick=&#8221;custom_link&#8221; img_link_target=&#8221;_blank&#8221; interactions_enabled=&#8221;1&#8243; link=&#8221;http:\/\/ukurba.ch\/index.html&#8221;][\/vc_column][\/vc_row][vc_row][vc_column][vc_column_text]<\/p>\n<div class=\"title-h2\">\n<p><span style=\"color: #60c3d9;\"><strong>Angebot f\u00fcr Gruppen<br \/>\n<\/strong><\/span><\/p>\n<\/div>\n<p>[\/vc_column_text][\/vc_column][\/vc_row][vc_row][vc_column width=&#8221;1\/2&#8243;][vc_single_image image=&#8221;2798&#8243; img_size=&#8221;full&#8221; css_animation=&#8221;fadeInUp&#8221;][vc_column_text]<\/p>\n<div class=\"title-h2\">\n<p><span style=\"color: #60c3d9;\"><strong>Schulen<\/strong><\/span><\/p>\n<\/div>\n<p>[\/vc_column_text][vc_column_text]Schulklassen von Kantons- und Berufsschulen bieten wir am Freitag, 20. Oktober Nachmittags ein Spezialprogramm. Cartoonist:innen erkl\u00e4ren wie ein Zeitungs-Cartoon entsteht und worauf es ankommt, um m\u00f6glichst pointiert auf ein aktuelles Ereignis einzugehen.<\/p>\n<p>Anmeldung durch die Lehrpersonen bis 30. September.[\/vc_column_text][vc_column_text]<\/p>\n<p data-wp-editing=\"1\"><a href=\"\/index.php\/kontakt\/\" rel=\"noopener noreferrer\">Kontakt<\/a><\/p>\n<p>[\/vc_column_text][\/vc_column][vc_column width=&#8221;1\/2&#8243;][vc_single_image image=&#8221;2431&#8243; img_size=&#8221;full&#8221; alignment=&#8221;center&#8221; css_animation=&#8221;fadeInUp&#8221;][vc_column_text]<\/p>\n<div class=\"title-h2\">\n<p><span style=\"color: #60c3d9;\"><strong>F\u00fchrungen<\/strong><\/span><\/p>\n<\/div>\n<p>[\/vc_column_text][vc_column_text]Besuche die Cartoon-Ausstellung als Gruppe und erhalte Insider-Wissen direkt von Cartoonist:innen. Willkommen sind Firmen, Vereine und Schulklassen, aber auch Privatpersonen als Gruppe ab 10 Personen.<\/p>\n<p>Auf Anmeldung, gerne organisieren wir einen Ap\u00e9ro dazu.[\/vc_column_text][vc_column_text]<\/p>\n<p data-wp-editing=\"1\"><a href=\"\/index.php\/kontakt\/\" rel=\"noopener noreferrer\">Kontakt<\/a><\/p>\n<p>[\/vc_column_text][\/vc_column][\/vc_row][vc_row disable_element=&#8221;yes&#8221;][vc_column width=&#8221;1\/2&#8243;][\/vc_column][vc_column width=&#8221;1\/2&#8243;][vc_column_text]<\/p>\n<div class=\"title-h2\">\n<p><span style=\"color: #60c3d9;\"><strong>F\u00fchrungen<\/strong><\/span><\/p>\n<\/div>\n<p>[\/vc_column_text][vc_column_text]Die Ausstellung konnte als Gruppe gef\u00fchrt besucht werden. Willkommen waren Schulklassen, Firmen und Vereine, aber auch Privatpersonen als Gruppe ab 10 Personen.[\/vc_column_text][vc_column_text]<\/p>\n<p data-wp-editing=\"1\"><a href=\"\/index.php\/kontakt\/\" rel=\"noopener noreferrer\">Kontakt<\/a><\/p>\n<p>[\/vc_column_text][\/vc_column][\/vc_row][vc_row][vc_column][vc_column_text]<\/p>\n<div class=\"title-h2\">\n<p><span style=\"color: #60c3d9;\"><strong>Ausstellungsort<\/strong><\/span><\/p>\n<\/div>\n<p>[\/vc_column_text][\/vc_column][\/vc_row][vc_row][vc_column width=&#8221;1\/3&#8243;][vc_single_image image=&#8221;935&#8243; img_size=&#8221;full&#8221; css_animation=&#8221;fadeInUp&#8221;][\/vc_column][vc_column width=&#8221;2\/3&#8243;][vc_raw_html]JTNDaWZyYW1lJTIwc3JjJTNEJTIyaHR0cHMlM0ElMkYlMkZtYXBzLmdvb2dsZS5jb20lMkZtYXBzJTNGcSUzRDQ3LjQ3NDkwNyUyQzguMzA4MjY5JTI2aGwlM0RkZSUyNnolM0QxOCUyNm91dHB1dCUzRGVtYmVkJTIyJTIwd2lkdGglM0QlMjIxMDAlMjUlMjIlMjBoZWlnaHQlM0QlMjIzNjUlMjIlMjBmcmFtZWJvcmRlciUzRCUyMjAlMjIlMjBzdHlsZSUzRCUyMmJvcmRlciUzQTAlM0IlMjIlMjBhbGxvd2Z1bGxzY3JlZW4lM0QlMjIlMjIlMjBhcmlhLWhpZGRlbiUzRCUyMmZhbHNlJTIyJTIwdGFiaW5kZXglM0QlMjIwJTIyJTNFJTNDJTJGaWZyYW1lJTNF[\/vc_raw_html][\/vc_column][\/vc_row][vc_row][vc_column width=&#8221;2\/3&#8243;][vc_column_text]<\/p>\n<div class=\"wpb_wrapper\">\n<div class=\"wpb_text_column wpb_content_element thegem-vc-text thegem-custom-6500713b44ded7844\">\n<div class=\"wpb_wrapper\">\n<p class=\"p1\">Auf mobilen Stellw\u00e4nden werden die Karikaturen in frei zug\u00e4nglich pr\u00e4sentiert, dabei kann der Standort wechseln. Wir empfehlen die Anreise mit \u00d6V.<\/p>\n<\/div>\n<\/div>\n<\/div>\n<p>[\/vc_column_text][\/vc_column][vc_column width=&#8221;1\/3&#8243;][vc_column_text]<\/p>\n<h4>T\u00e4glich ge\u00f6ffnet<br \/>\n9-22 Uhr<br \/>\nEintritt gratis<\/h4>\n<p>[\/vc_column_text][\/vc_column][\/vc_row][vc_row][vc_column][vc_empty_space height=&#8221;100px&#8221;][\/vc_column][\/vc_row]<\/p>\n<\/section>","protected":false},"excerpt":{"rendered":"<p>[vc_row][vc_column][vc_empty_space height=&#8221;130px&#8221;][\/vc_column][\/vc_row][vc_row][vc_column][vc_column_text] CARTOON AUSSTELLUNG 2023 [\/vc_column_text][vc_column_text] 22 OKT &#8211; 09 NOV Gratis Eintritt \/ T\u00e4glich ge\u00f6ffnet von 9-22 Uhr[\/vc_column_text][vc_column_text] Karikaturen&#8230;<\/p>\n","protected":false},"author":1,"featured_media":0,"parent":0,"menu_order":0,"comment_status":"closed","ping_status":"open","template":"","meta":[],"_links":{"self":[{"href":"https:\/\/www.bissfest.net\/index.php\/wp-json\/wp\/v2\/pages\/2270"}],"collection":[{"href":"https:\/\/www.bissfest.net\/index.php\/wp-json\/wp\/v2\/pages"}],"about":[{"href":"https:\/\/www.bissfest.net\/index.php\/wp-json\/wp\/v2\/types\/page"}],"author":[{"embeddable":true,"href":"https:\/\/www.bissfest.net\/index.php\/wp-json\/wp\/v2\/users\/1"}],"replies":[{"embeddable":true,"href":"https:\/\/www.bissfest.net\/index.php\/wp-json\/wp\/v2\/comments?post=2270"}],"version-history":[{"count":96,"href":"https:\/\/www.bissfest.net\/index.php\/wp-json\/wp\/v2\/pages\/2270\/revisions"}],"predecessor-version":[{"id":3094,"href":"https:\/\/www.bissfest.net\/index.php\/wp-json\/wp\/v2\/pages\/2270\/revisions\/3094"}],"wp:attachment":[{"href":"https:\/\/www.bissfest.net\/index.php\/wp-json\/wp\/v2\/media?parent=2270"}],"curies":[{"name":"wp","href":"https:\/\/api.w.org\/{rel}","templated":true}]}}