{"id":2268,"date":"2019-01-11T11:50:36","date_gmt":"2019-01-11T11:50:36","guid":{"rendered":"https:\/\/bissfest.net.hera.ch-meta.net\/?page_id=2268"},"modified":"2023-12-14T07:25:48","modified_gmt":"2023-12-14T07:25:48","slug":"bissfest-2","status":"publish","type":"page","link":"https:\/\/www.bissfest.net\/index.php\/bissfest-2\/","title":{"rendered":"Satire Abend Freitag"},"content":{"rendered":"<section class=\"wpb-content-wrapper\"><p>[vc_row][vc_column][vc_empty_space height=&#8221;130px&#8221;][\/vc_column][\/vc_row][vc_row][vc_column][vc_column_text]<\/p>\n<div class=\"title-h1\">SHOW FREITAG 2023<\/div>\n<p>[\/vc_column_text][vc_column_text]<\/p>\n<div class=\"title-h1 title-h3\">FR 20 OKT \/ T\u00dcR 18 H<\/div>\n<p>[\/vc_column_text][vc_column_text]<\/p>\n<h4><strong>Ein exklusives B\u00fchnenprogramm mit Biss, dazu die Er\u00f6ffnung der Cartoon-Ausstellung und viele weitere \u00fcberraschende Momente. Ein inspirierendes Fest mit Verpflegungsangebot ab 18 Uhr und Barbetrieb bis Mitternacht.<br \/>\n<\/strong><\/h4>\n<p>pr\u00e4sentiert von[\/vc_column_text][vc_single_image image=&#8221;2890&#8243; img_size=&#8221;full&#8221;][\/vc_column][\/vc_row][vc_row][vc_column][vc_column_text]<\/p>\n<h2><strong>Auftritte<\/strong><\/h2>\n<p>[\/vc_column_text][\/vc_column][\/vc_row][vc_row][vc_column width=&#8221;1\/2&#8243;][vc_single_image image=&#8221;2434&#8243; img_size=&#8221;full&#8221; css_animation=&#8221;fadeInUp&#8221;][vc_column_text]<\/p>\n<h4>Christine Prayon<\/h4>\n<p>[\/vc_column_text][vc_column_text]Christine Prayon pr\u00e4sentiert Ihr aktuelles Programm \u00abDie Abschiedstour\u00bb, wo Sie uns grosse Gef\u00fchle und entspanntes Denken verspricht. Eine grossartige Satirikerin, die uns den Spiegel mit Humor direkt vor die Nase h\u00e4lt.<\/p>\n<p><a href=\"https:\/\/www.bissfest.net\/index.php\/bissfest-2-2-5\/\">Mehr<\/a><\/p>\n<p><a href=\"https:\/\/www.christineprayon.de\/\" target=\"_blank\" rel=\"noopener\">christineprayon.de<\/a>[\/vc_column_text][\/vc_column][vc_column width=&#8221;1\/2&#8243;][vc_single_image image=&#8221;2435&#8243; img_size=&#8221;full&#8221; css_animation=&#8221;fadeInUp&#8221;][vc_column_text]<\/p>\n<h4>Uta K\u00f6bernick<\/h4>\n<p>[\/vc_column_text][vc_column_text]Uta K\u00f6bernick ist Kabarettistin, Autorin und Liedermacherin. Zu ihren Auszeichnungen z\u00e4hlen der \u00abDeutsche Kleinkunstpreis\u00bb, der \u00abSalzburger Stier\u00bb und der Schweizer \u00abCornichon\u00bb. Nebst eigenen Auftritten moderiert sie gekonnt durch den Abend.<\/p>\n<p><a href=\"https:\/\/bissfest.net.hera.ch-meta.net\/index.php\/bissfest-2-2-4-2\/\">Mehr<\/a><\/p>\n<p><a href=\"https:\/\/koebernick.ch\/\" target=\"_blank\" rel=\"noopener\">koebernick.ch<\/a>[\/vc_column_text][\/vc_column][\/vc_row][vc_row][vc_column width=&#8221;1\/2&#8243;][vc_single_image image=&#8221;2826&#8243; img_size=&#8221;large&#8221; css_animation=&#8221;fadeInUp&#8221;][vc_column_text]<\/p>\n<h4>Surprise Guests<\/h4>\n<p>[\/vc_column_text][vc_column_text]Unsere \u00dcberraschungsg\u00e4ste kommen aus Basel und er\u00f6ffnen den Showabend um 20 Uhr. Freue dich auf einen garantiet unerwarteten Einstieg in den Abend.[\/vc_column_text][\/vc_column][vc_column width=&#8221;1\/2&#8243;][vc_single_image image=&#8221;2827&#8243; img_size=&#8221;large&#8221; css_animation=&#8221;fadeInUp&#8221;][vc_column_text]<\/p>\n<h4>Cartoonist:innen<\/h4>\n<p>[\/vc_column_text][vc_column_text]Lass Dich bis um 20 Uhr und in der Pause von visuellen Momenten inspirieren und verfolge das Live-Zeichnen der anwesenden Cartoonist:innen auf dem Big Screen.[\/vc_column_text][\/vc_column][\/vc_row][vc_row][vc_column width=&#8221;1\/2&#8243;][vc_column_text]<\/p>\n<h1><a href=\"https:\/\/bissfest.net.hera.ch-meta.net\/index.php\/ausstellung-3\/\"><strong>Ausstellung<\/strong><\/a><\/h1>\n<p>[\/vc_column_text][vc_single_image image=&#8221;2422&#8243; img_size=&#8221;full&#8221; css_animation=&#8221;fadeInUp&#8221;][vc_column_text]<\/p>\n<h5>Die Cartoon Ausstellung zum Thema \u00abUnter Strom\u00bb zeigte eine beeindruckende Sammlung von Cartoons namhafter Cartoonist:innen aus der Schweiz, Deutschland und \u00d6sterreich.<\/h5>\n<p>[\/vc_column_text][vc_column_text]Die auf Einladung entstandenen Werke werden im Grossformat auf mobilen Stellw\u00e4nden inszeniert. Auch in diesem Jahr k\u00fcrt eine fachkundige Jury im Vorfeld die drei besten Werke, die mit einem Preisgeld honoriert werden.[\/vc_column_text][\/vc_column][vc_column width=&#8221;1\/2&#8243;][vc_column_text]<\/p>\n<h1><strong>Er\u00f6ffnung<\/strong><\/h1>\n<p>[\/vc_column_text][vc_single_image image=&#8221;2820&#8243; img_size=&#8221;full&#8221; css_animation=&#8221;fadeInUp&#8221;][vc_column_text]<\/p>\n<h5>Das Festival der Satire und die Cartoon Ausstellung \u00abUnter Strom\u00bb wurden am am Freitagabend um 19 Uhr offiziell er\u00f6ffnet.<\/h5>\n<p>[\/vc_column_text][vc_column_text]Wir zelebrieren den Startschuss zu zwei satirisch bissigen Tagen und drei Wochen illustrer Cartoon Ausstellung als besonderen Moment. Sei dabei wenn es losgeht &#8211; zusammen mit G\u00e4sten, Kunstschaffenden und allerlei Beteiligten von hier und dort.[\/vc_column_text][\/vc_column][\/vc_row][vc_row][vc_column][vc_column_text]<\/p>\n<h1><strong>Verpflegung<\/strong><\/h1>\n<p>[\/vc_column_text][\/vc_column][\/vc_row][vc_row][vc_column width=&#8221;1\/2&#8243;][vc_single_image image=&#8221;2821&#8243; img_size=&#8221;full&#8221; css_animation=&#8221;fadeInUp&#8221;][\/vc_column][vc_column width=&#8221;1\/2&#8243;][vc_column_text]<\/p>\n<h5>Inspirierende Bissfest-Ambiente. Unsere Empfehlung: Komm schon nach T\u00fcr\u00f6ffnung und verpflege Dich vor der Show.<\/h5>\n<p>[\/vc_column_text][vc_column_text]Nimm Dir Zeit f\u00fcr die Cartoon Ausstellung und sei dabei zur Er\u00f6ffnung. Das Trafo kocht ein Menu, hoffentlich bissfest, Du kannst also von <strong>18-20 Uhr<\/strong> warm Essen und an der Bar den Ap\u00e9ro bestellen.<\/p>\n<p><strong>Barbetrieb bis Mitternacht<br \/>\n<\/strong><\/p>\n<p>Die Bar ist den ganzen Abend und bis Mitternacht ge\u00f6ffnet. Es lohnt sich, nach der Show noch einen Moment zu bleiben und den Abend ausklingen zu lassen.[\/vc_column_text][\/vc_column][\/vc_row][vc_row el_disable_desktop=&#8221;1&#8243; el_disable_tablet=&#8221;1&#8243; el_disable_mobile=&#8221;1&#8243;][vc_column width=&#8221;1\/2&#8243;][vc_empty_space height=&#8221;100px&#8221;][vc_column_text]<\/p>\n<h1><a href=\"https:\/\/bissfest.net.hera.ch-meta.net\/index.php\/ausstellung-3\/\"><strong>Ausstellung<\/strong><\/a><\/h1>\n<p>[\/vc_column_text][vc_column_text]<\/p>\n<h5>Die Cartoon Ausstellung zum Thema \u00abUnter Strom\u00bb wird eine beeindruckende Sammlung von Cartoons namhafter Cartoonist:innen aus der Schweiz, Deutschland und \u00d6sterreich.<\/h5>\n<p>[\/vc_column_text][vc_column_text]Wir bieten Dir die M\u00f6glichkeit, die K\u00fcnstler:innen am heutigen Abend live beim Zeichnen zu erleben. Tauche ein in die Welt des Cartoonings und verfolge hautnah, wie kreative Pointen zum Leben erwecken.<\/p>\n<p><strong><br \/>\nEr\u00f6ffnung<\/strong><\/p>\n<p>Die Ausstellung wird am Freitag an der Satire Show um 19 Uhr er\u00f6ffnet und ist danach bis Anfang November im Trafo Baden kostenlos und frei zug\u00e4nglich.<\/p>\n<p><strong><br \/>\nVerpflegungsangebot<\/strong><\/p>\n<p>Geniesse die Ausstellung und das kreative Ambiente schon vor der Show. Ab 18 Uhr hast Du die M\u00f6glichkeit Dich zu verpflegen, oder an der Bar einen Ap\u00e9ro zu bestellen. Auch nach der Show ist die Bar bis Mitternacht ge\u00f6ffnet.[\/vc_column_text][\/vc_column][vc_column width=&#8221;1\/2&#8243;][vc_empty_space height=&#8221;100px&#8221;][vc_single_image image=&#8221;2422&#8243; img_size=&#8221;full&#8221;][\/vc_column][\/vc_row][vc_row][vc_column][vc_column_text]<\/p>\n<h1><strong>Austragungsort<\/strong><\/h1>\n<p>[\/vc_column_text][\/vc_column][vc_column width=&#8221;1\/3&#8243;][vc_single_image image=&#8221;933&#8243; img_size=&#8221;full&#8221; alignment=&#8221;center&#8221; style=&#8221;vc_box_rounded&#8221; css_animation=&#8221;fadeInUp&#8221; css=&#8221;.vc_custom_1685713224092{background-position: center !important;background-repeat: no-repeat !important;background-size: cover !important;}&#8221;][\/vc_column][vc_column width=&#8221;2\/3&#8243;][vc_raw_html]JTNDaWZyYW1lJTIwc3JjJTNEJTIyaHR0cHMlM0ElMkYlMkZ3d3cuZ29vZ2xlLmNvbSUyRm1hcHMlMkZlbWJlZCUzRnBiJTNEJTIxMW0xOCUyMTFtMTIlMjExbTMlMjExZDExMzUuNDgyNzYyNzUzMDk1NCUyMTJkOC4zMDU1ODc3MzExOTg1NiUyMTNkNDcuNDc4MTA5NTYxNTAwNjclMjEybTMlMjExZjAlMjEyZjAlMjEzZjAlMjEzbTIlMjExaTEwMjQlMjEyaTc2OCUyMTRmMTMuMSUyMTNtMyUyMTFtMiUyMTFzMHg0NzkwNmNjMGFmZmJhYTliJTI1M0EweGNiMjhiNTc1MTBkZWMwMTglMjEyc0JhZGVuJTI1MkMlMjUyMFRyYWZvJTIxNWUxJTIxM20yJTIxMXNkZSUyMTJzY2glMjE0djE1OTMxODU5MTAxMDElMjE1bTIlMjExc2RlJTIxMnNjaCUyMiUyMHdpZHRoJTNEJTIyMTAwJTI1JTIyJTIwaGVpZ2h0JTNEJTIyMzY1JTIyJTIwZnJhbWVib3JkZXIlM0QlMjIwJTIyJTIwc3R5bGUlM0QlMjJib3JkZXIlM0EwJTNCJTIyJTIwYWxsb3dmdWxsc2NyZWVuJTNEJTIyJTIyJTIwYXJpYS1oaWRkZW4lM0QlMjJmYWxzZSUyMiUyMHRhYmluZGV4JTNEJTIyMCUyMiUzRSUzQyUyRmlmcmFtZSUzRQ==[\/vc_raw_html][\/vc_column][\/vc_row][vc_row][vc_column][vc_column_text]<\/p>\n<div class=\"wpb_text_column wpb_content_element thegem-vc-text thegem-custom-6500713b44ded7844\">\n<div class=\"wpb_wrapper\">\n<h4>Trafo Baden, Halle 37<\/h4>\n<\/div>\n<\/div>\n<div class=\"wpb_text_column wpb_content_element thegem-vc-text thegem-custom-6500713b44ebc8389\">\n<div class=\"wpb_wrapper\">\n<p>Die Trafo Hallen in Baden sind der ideale Ort, um das vielseitige Angebot des Bissfest unter ein Industriedach zu bringen. Wir empfehlen die Anreise mit \u00d6V. <a href=\"https:\/\/www.trafobaden.ch\" target=\"_blank\" rel=\"noopener noreferrer\">trafobaden.ch<\/a><\/p>\n<\/div>\n<\/div>\n<p>[\/vc_column_text][\/vc_column][\/vc_row][vc_row][vc_column][vc_empty_space height=&#8221;100px&#8221;][\/vc_column][\/vc_row]<\/p>\n<\/section>","protected":false},"excerpt":{"rendered":"<p>[vc_row][vc_column][vc_empty_space height=&#8221;130px&#8221;][\/vc_column][\/vc_row][vc_row][vc_column][vc_column_text] SHOW FREITAG 2023 [\/vc_column_text][vc_column_text] FR 20 OKT \/ T\u00dcR 18 H [\/vc_column_text][vc_column_text] Ein exklusives B\u00fchnenprogramm mit Biss, dazu&#8230;<\/p>\n","protected":false},"author":1,"featured_media":0,"parent":0,"menu_order":0,"comment_status":"closed","ping_status":"open","template":"","meta":[],"_links":{"self":[{"href":"https:\/\/www.bissfest.net\/index.php\/wp-json\/wp\/v2\/pages\/2268"}],"collection":[{"href":"https:\/\/www.bissfest.net\/index.php\/wp-json\/wp\/v2\/pages"}],"about":[{"href":"https:\/\/www.bissfest.net\/index.php\/wp-json\/wp\/v2\/types\/page"}],"author":[{"embeddable":true,"href":"https:\/\/www.bissfest.net\/index.php\/wp-json\/wp\/v2\/users\/1"}],"replies":[{"embeddable":true,"href":"https:\/\/www.bissfest.net\/index.php\/wp-json\/wp\/v2\/comments?post=2268"}],"version-history":[{"count":80,"href":"https:\/\/www.bissfest.net\/index.php\/wp-json\/wp\/v2\/pages\/2268\/revisions"}],"predecessor-version":[{"id":3001,"href":"https:\/\/www.bissfest.net\/index.php\/wp-json\/wp\/v2\/pages\/2268\/revisions\/3001"}],"wp:attachment":[{"href":"https:\/\/www.bissfest.net\/index.php\/wp-json\/wp\/v2\/media?parent=2268"}],"curies":[{"name":"wp","href":"https:\/\/api.w.org\/{rel}","templated":true}]}}