{"id":2251,"date":"2019-01-03T13:10:04","date_gmt":"2019-01-03T13:10:04","guid":{"rendered":"https:\/\/bissfest.net.hera.ch-meta.net\/?page_id=2251"},"modified":"2026-04-17T07:20:37","modified_gmt":"2026-04-17T07:20:37","slug":"homepage-2","status":"publish","type":"page","link":"https:\/\/www.bissfest.net\/","title":{"rendered":"Slam Jam Catroon Startseite"},"content":{"rendered":"<section class=\"wpb-content-wrapper\"><p>[vc_row full_width=&#8221;stretch_row_content&#8221; css=&#8221;.vc_custom_1776352372942{margin-top: 0px !important;margin-bottom: 0px !important;padding-top: 0px !important;padding-bottom: 0px !important;background-color: #ffffff !important;background-position: center !important;background-repeat: no-repeat !important;background-size: contain !important;}&#8221;][vc_column parallax=&#8221;content-moving-fade&#8221; parallax_image=&#8221;2412&#8243; background_style=&#8221;cover&#8221; css=&#8221;.vc_custom_1776352317998{margin-top: 0px !important;margin-bottom: 0px !important;padding-top: 0px !important;padding-bottom: 0px !important;background-color: #ffffff !important;}&#8221;][vc_single_image image=&#8221;3154&#8243; img_size=&#8221;large&#8221; alignment=&#8221;center&#8221; css_animation=&#8221;bounceIn&#8221; effects_enabled_delay=&#8221;500&#8243; css=&#8221;.vc_custom_1776352072199{margin-top: 0px !important;margin-bottom: 0px !important;border-top-width: 0px !important;border-bottom-width: 0px !important;padding-top: 0px !important;padding-bottom: 0px !important;}&#8221;][\/vc_column][\/vc_row][vc_row full_width=&#8221;stretch_row&#8221; css=&#8221;.vc_custom_1547454968268{margin-top: 0px !important;margin-bottom: 0px !important;padding-top: 0px !important;padding-bottom: 0px !important;}&#8221;][vc_column css=&#8221;.vc_custom_1547461111797{margin-top: 0px !important;margin-bottom: 0px !important;padding-top: 0px !important;padding-bottom: 0px !important;}&#8221;][vc_empty_space][vc_column_text]<\/p>\n<h1><span style=\"color: #333333;\">CARTOONS ZUR PRESSE- UND MEINUNGSFREIHEIT<\/span><\/h1>\n<p>[\/vc_column_text][vc_column_text][\/vc_column_text][vc_empty_space][vc_column_text]<\/p>\n<div class=\"title-h1 title-h3\">\n<p>02-17 MAI 2026<br \/>\nBADSTRASSE BADEN<br \/>\n<span style=\"color: #000000; font-size: 18px; font-weight: normal;\">VERNISSAGE 03 MAI | 11 UHR<\/span><\/p>\n<\/div>\n<p>[\/vc_column_text][vc_column_text]<\/p>\n<h4><strong>Dialog, Debatte und Disput sind (zunehmend bedrohte) Grundpfeiler einer freien Gesellschaft. Deshalb begleitet Bissfest das 500-Jahr-Jubil\u00e4um der Badener Disputation mit der kritisch-humorvollen Cartoon-Ausstellung \u00abEnde der Debatte?\u00bb<\/strong><\/h4>\n<p>500 Jahre Disputation zu Baden<br \/>\n<a href=\"https:\/\/www.disputnation.ch\" target=\"_blank\" rel=\"noopener\">disputnation.ch<\/a>[\/vc_column_text][vc_empty_space][vc_column_text]unterst\u00fctzt von[\/vc_column_text][vc_single_image image=&#8221;1829&#8243; img_size=&#8221;full&#8221;][\/vc_column][\/vc_row][vc_row][vc_column width=&#8221;1\/2&#8243;][vc_single_image image=&#8221;3161&#8243; img_size=&#8221;full&#8221; css_animation=&#8221;fadeInUp&#8221;][vc_column_text]<\/p>\n<div class=\"title-h2\">\n<p><span style=\"color: #60c3d9;\"><strong>Ausstellung<br \/>\n<\/strong><\/span><\/p>\n<\/div>\n<p>[\/vc_column_text][vc_column_text]<\/p>\n<p class=\"p1\">02-17 MAI 2026 | BADSTRASSE<\/p>\n<p class=\"p1\">Was steht f\u00fcr unsere Gesellschaft auf dem Spiel, wenn ein <strong>Ende der Debatte<\/strong> droht? Humorvoll-bissige Antworten zur Presse- und Meinungsfreiheit liefert die <strong>Ausstellung im Grossformat<\/strong> auf mobilen Plakatw\u00e4nden.<\/p>\n<p>Frei und kostenlos zug\u00e4nglich in der Fussg\u00e4ngerzone.[\/vc_column_text][vc_empty_space height=&#8221;35px&#8221;][\/vc_column][vc_column width=&#8221;1\/2&#8243;][vc_single_image image=&#8221;3100&#8243; img_size=&#8221;full&#8221; css_animation=&#8221;fadeInUp&#8221;][vc_column_text]<\/p>\n<div class=\"title-h2\">\n<p><span style=\"color: #60c3d9;\"><strong>Vernissage<br \/>\n<\/strong><\/span><\/p>\n<\/div>\n<p>[\/vc_column_text][vc_column_text]<\/p>\n<p class=\"p1\">SO, 03 MAI 2026 | 11-14 H | BADSTRASSE<\/p>\n<p class=\"p1\"><strong>Talk <\/strong>moderiert von <strong>Monika Sch\u00e4rer<\/strong>, mit <strong>Lisa Christ und Sandro Brotz<\/strong> \u00fcber unsere Welt zwischen Disputen und Despoten, Fakten und Fakes, Meinungsfreiheit und Frei-von-Meinung-Sein. <strong>Bekanntgabe der Sieger-Cartoons<\/strong> im Beisein von K\u00fcnstler:innen, sowie Auftritt von Poetryslam-Europameister <b>Valerio Moser<\/b>. Mit Verpflegungsangebot.<\/p>\n<p>[\/vc_column_text][vc_empty_space height=&#8221;35px&#8221;][\/vc_column][\/vc_row][vc_row][vc_column width=&#8221;1\/2&#8243;][vc_single_image image=&#8221;2597&#8243; img_size=&#8221;full&#8221; css_animation=&#8221;fadeInUp&#8221;][vc_column_text]<\/p>\n<div class=\"title-h2\">\n<p><span style=\"color: #60c3d9;\"><strong>Cartoonist*innen<br \/>\n<\/strong><\/span><\/p>\n<\/div>\n<p>[\/vc_column_text][vc_column_text]<\/p>\n<p class=\"p1\">\u00dcber 100 Cartoonist*innen aus der <strong>Schweiz, Deutschland und \u00d6sterreich<\/strong> haben auf Einladung gezeichnet und Arbeiten eingereicht. Die Ausstellung zeigt <strong>rund 200 ausgew\u00e4hlte Werke<\/strong> von 93 K\u00fcnstler*innen.<\/p>\n<p>Cartoonist*innen (Liste folgt)[\/vc_column_text][vc_empty_space height=&#8221;35px&#8221;][\/vc_column][vc_column width=&#8221;1\/2&#8243;][vc_single_image image=&#8221;3095&#8243; img_size=&#8221;full&#8221; css_animation=&#8221;fadeInUp&#8221;][vc_column_text]<\/p>\n<div class=\"title-h2\">\n<p><span style=\"color: #60c3d9;\"><strong>Pr\u00e4mierung<br \/>\n<\/strong><\/span><\/p>\n<\/div>\n<p>[\/vc_column_text][vc_column_text]<\/p>\n<p class=\"p1\"><strong>Drei Karikaturen<\/strong> werden von einer Jury ausgew\u00e4hlt und die Cartoonist*innen mit einem Preisgeld honoriert. Die <strong>Bekanntgabe der pr\u00e4mierten Cartoons<\/strong> erfolgt an der Vernissage vom 03. Mai &#8211; voraussichtlich in Anwesenheit der Preistr\u00e4ger*innen.<\/p>\n<p>[\/vc_column_text][\/vc_column][\/vc_row][vc_row][vc_column][vc_empty_space height=&#8221;35px&#8221;][vc_column_text]<\/p>\n<div class=\"title-h2\">\n<p><span style=\"color: #60c3d9;\"><strong>Ausstellungsort<\/strong><\/span><\/p>\n<\/div>\n<p>[\/vc_column_text][\/vc_column][\/vc_row][vc_row][vc_column width=&#8221;1\/4&#8243;][vc_single_image image=&#8221;3102&#8243; img_size=&#8221;full&#8221;][\/vc_column][vc_column width=&#8221;3\/4&#8243;][vc_raw_html]JTNDaWZyYW1lJTIwc3JjJTNEJTIyaHR0cHMlM0ElMkYlMkZtYXBzLmdvb2dsZS5jb20lMkZtYXBzJTNGcSUzRDQ3LjQ3NDkwNyUyQzguMzA4MjY5JTI2aGwlM0RkZSUyNnolM0QxOCUyNm91dHB1dCUzRGVtYmVkJTIyJTIwd2lkdGglM0QlMjIxMDAlMjUlMjIlMjBoZWlnaHQlM0QlMjI0MTAlMjIlMjBmcmFtZWJvcmRlciUzRCUyMjAlMjIlMjBzdHlsZSUzRCUyMmJvcmRlciUzQTAlM0IlMjIlMjBhbGxvd2Z1bGxzY3JlZW4lM0QlMjIlMjIlMjBhcmlhLWhpZGRlbiUzRCUyMmZhbHNlJTIyJTIwdGFiaW5kZXglM0QlMjIwJTIyJTNFJTNDJTJGaWZyYW1lJTNF[\/vc_raw_html][\/vc_column][\/vc_row][vc_row][vc_column width=&#8221;2\/3&#8243;][vc_column_text]<\/p>\n<h4 class=\"p1\">Badstrasse 15-17 | Bei den Kastanienb\u00e4umen<\/h4>\n<p>Die Karikaturen werden auf mobilen Plakatst\u00e4ndern in der Fussg\u00e4ngerzone kostenlos und frei zug\u00e4nglich pr\u00e4sentiert. Wir empfehlen die Anreise mit \u00d6V.[\/vc_column_text][vc_empty_space height=&#8221;40px&#8221;][\/vc_column][vc_column width=&#8221;1\/3&#8243;][\/vc_column][\/vc_row]<\/p>\n<\/section>","protected":false},"excerpt":{"rendered":"<p>[vc_row full_width=&#8221;stretch_row_content&#8221; css=&#8221;.vc_custom_1776352372942{margin-top: 0px !important;margin-bottom: 0px !important;padding-top: 0px !important;padding-bottom: 0px !important;background-color: #ffffff !important;background-position: center !important;background-repeat: no-repeat !important;background-size: contain !important;}&#8221;][vc_column parallax=&#8221;content-moving-fade&#8221;&#8230;<\/p>\n","protected":false},"author":1,"featured_media":0,"parent":0,"menu_order":0,"comment_status":"closed","ping_status":"closed","template":"","meta":[],"_links":{"self":[{"href":"https:\/\/www.bissfest.net\/index.php\/wp-json\/wp\/v2\/pages\/2251"}],"collection":[{"href":"https:\/\/www.bissfest.net\/index.php\/wp-json\/wp\/v2\/pages"}],"about":[{"href":"https:\/\/www.bissfest.net\/index.php\/wp-json\/wp\/v2\/types\/page"}],"author":[{"embeddable":true,"href":"https:\/\/www.bissfest.net\/index.php\/wp-json\/wp\/v2\/users\/1"}],"replies":[{"embeddable":true,"href":"https:\/\/www.bissfest.net\/index.php\/wp-json\/wp\/v2\/comments?post=2251"}],"version-history":[{"count":215,"href":"https:\/\/www.bissfest.net\/index.php\/wp-json\/wp\/v2\/pages\/2251\/revisions"}],"predecessor-version":[{"id":3187,"href":"https:\/\/www.bissfest.net\/index.php\/wp-json\/wp\/v2\/pages\/2251\/revisions\/3187"}],"wp:attachment":[{"href":"https:\/\/www.bissfest.net\/index.php\/wp-json\/wp\/v2\/media?parent=2251"}],"curies":[{"name":"wp","href":"https:\/\/api.w.org\/{rel}","templated":true}]}}