{"id":155,"date":"2019-01-11T11:50:36","date_gmt":"2019-01-11T11:50:36","guid":{"rendered":"http:\/\/democontent.codex-themes.com\/sites\/portfolio-light\/my-blog-2\/"},"modified":"2021-11-18T13:58:13","modified_gmt":"2021-11-18T13:58:13","slug":"bissfest","status":"publish","type":"page","link":"https:\/\/www.bissfest.net\/index.php\/bissfest\/","title":{"rendered":"Satire Abend"},"content":{"rendered":"<section class=\"wpb-content-wrapper\"><p>[vc_row][vc_column][vc_empty_space height=&#8221;130px&#8221;][\/vc_column][\/vc_row][vc_row][vc_column width=&#8221;1\/3&#8243;][vc_single_image image=&#8221;900&#8243; img_size=&#8221;full&#8221; css_animation=&#8221;fadeInUp&#8221;][\/vc_column][vc_column width=&#8221;2\/3&#8243;][vc_column_text]<\/p>\n<div class=\"title-h1\">SATIRE ABEND<\/div>\n<p>[\/vc_column_text][vc_column_text]<\/p>\n<div class=\"title-h1 title-h3\">Donnerstag, 21. Oktober 2021<br \/>\nTrafo Baden, Halle 37<\/div>\n<p>[\/vc_column_text][vc_column_text]<\/p>\n<h4><strong>Das \u00abbissfest!\u00bb steht f\u00fcr freies Denken und offene Sinne \u2013 gesungen, gezeichnet und gesprochen. Der Satire-Abend bot ein B\u00fchnenprogramm mit Biss, dazu die Er\u00f6ffnung der Cartoon-Ausstellung samt Preisverleihung und viele weitere \u00fcberraschende Momente. Ein inspirierendes Fest mit Barbetrieb in industriellem Charme.<\/strong><\/h4>\n<p>[\/vc_column_text][vc_empty_space height=&#8221;20px&#8221;][vc_column_text]<strong><span style=\"color: #dc3c00;\">Sch\u00f6n wars, das zweite Bissfest \u2026<\/span><\/strong>[\/vc_column_text][vc_column_text]<\/p>\n<p data-wp-editing=\"1\"><a href=\"http:\/\/www.sehstoff.ch\" target=\"_blank\" rel=\"noopener noreferrer\"><img decoding=\"async\" class=\"alignnone wp-image-646\" src=\"http:\/\/bissfest.net\/website\/wp-content\/uploads\/2020\/06\/link-element-SJC.png\" alt=\"\" width=\"12\" height=\"11\" srcset=\"https:\/\/www.bissfest.net\/wp-content\/uploads\/2020\/06\/link-element-SJC.png 270w, https:\/\/www.bissfest.net\/wp-content\/uploads\/2020\/06\/link-element-SJC-150x150.png 150w, https:\/\/www.bissfest.net\/wp-content\/uploads\/2020\/06\/link-element-SJC-256x256.png 256w\" sizes=\"(max-width: 12px) 100vw, 12px\" \/><\/a><a href=\"\/index.php\/impressionen-bissfest\/\" rel=\"noopener noreferrer\">\u00a0 \u00a0Impressionen<\/a><br \/>\n<a href=\"http:\/\/www.sehstoff.ch\" target=\"_blank\" rel=\"noopener noreferrer\"><img decoding=\"async\" class=\"alignnone wp-image-646\" src=\"http:\/\/bissfest.net\/website\/wp-content\/uploads\/2020\/06\/link-element-SJC.png\" alt=\"\" width=\"12\" height=\"11\" srcset=\"https:\/\/www.bissfest.net\/wp-content\/uploads\/2020\/06\/link-element-SJC.png 270w, https:\/\/www.bissfest.net\/wp-content\/uploads\/2020\/06\/link-element-SJC-150x150.png 150w, https:\/\/www.bissfest.net\/wp-content\/uploads\/2020\/06\/link-element-SJC-256x256.png 256w\" sizes=\"(max-width: 12px) 100vw, 12px\" \/><\/a><a href=\"https:\/\/www.tagesanzeiger.ch\/unsere-ausgezeichnete-karikaturisten-249662423443\" target=\"_blank\" rel=\"noopener noreferrer\">\u00a0 \u00a0Tagesanzeiger vom 05.11.<\/a><br \/>\n<a href=\"http:\/\/www.sehstoff.ch\" target=\"_blank\" rel=\"noopener noreferrer\"><img decoding=\"async\" class=\"alignnone wp-image-646\" src=\"http:\/\/bissfest.net\/website\/wp-content\/uploads\/2020\/06\/link-element-SJC.png\" alt=\"\" width=\"12\" height=\"11\" srcset=\"https:\/\/www.bissfest.net\/wp-content\/uploads\/2020\/06\/link-element-SJC.png 270w, https:\/\/www.bissfest.net\/wp-content\/uploads\/2020\/06\/link-element-SJC-150x150.png 150w, https:\/\/www.bissfest.net\/wp-content\/uploads\/2020\/06\/link-element-SJC-256x256.png 256w\" sizes=\"(max-width: 12px) 100vw, 12px\" \/><\/a><a href=\"https:\/\/www.bissfest.net\/wp-content\/uploads\/11\/Rundschau_Bissfest.jpg\" target=\"_blank\" rel=\"noopener noreferrer\">\u00a0 \u00a0Rundschau vom 28.10.<\/a><br \/>\n<a href=\"http:\/\/www.sehstoff.ch\" target=\"_blank\" rel=\"noopener noreferrer\"><img decoding=\"async\" class=\"alignnone wp-image-646\" src=\"http:\/\/bissfest.net\/website\/wp-content\/uploads\/2020\/06\/link-element-SJC.png\" alt=\"\" width=\"12\" height=\"11\" srcset=\"https:\/\/www.bissfest.net\/wp-content\/uploads\/2020\/06\/link-element-SJC.png 270w, https:\/\/www.bissfest.net\/wp-content\/uploads\/2020\/06\/link-element-SJC-150x150.png 150w, https:\/\/www.bissfest.net\/wp-content\/uploads\/2020\/06\/link-element-SJC-256x256.png 256w\" sizes=\"(max-width: 12px) 100vw, 12px\" \/><\/a><a href=\"https:\/\/www.bissfest.net\/wp-content\/uploads\/10\/AZ_Bissfest.jpg\" target=\"_blank\" rel=\"noopener noreferrer\">\u00a0 \u00a0AZ vom 23.10.<\/a><br \/>\n<a href=\"http:\/\/www.sehstoff.ch\" target=\"_blank\" rel=\"noopener noreferrer\"><img decoding=\"async\" class=\"alignnone wp-image-646\" src=\"http:\/\/bissfest.net\/website\/wp-content\/uploads\/2020\/06\/link-element-SJC.png\" alt=\"\" width=\"12\" height=\"11\" srcset=\"https:\/\/www.bissfest.net\/wp-content\/uploads\/2020\/06\/link-element-SJC.png 270w, https:\/\/www.bissfest.net\/wp-content\/uploads\/2020\/06\/link-element-SJC-150x150.png 150w, https:\/\/www.bissfest.net\/wp-content\/uploads\/2020\/06\/link-element-SJC-256x256.png 256w\" sizes=\"(max-width: 12px) 100vw, 12px\" \/><\/a><a href=\"https:\/\/www.aargauerzeitung.ch\/aargau\/baden\/bitterboese-humor-der-im-hals-stecken-bleibt-das-satirefestival-bissfest-kommt-am-21-oktober-wieder-nach-baden-ld.2201829\" target=\"_blank\" rel=\"noopener noreferrer\">\u00a0 \u00a0AZ vom 16.10.<\/a><br \/>\n<a href=\"http:\/\/www.sehstoff.ch\" target=\"_blank\" rel=\"noopener noreferrer\"><img decoding=\"async\" class=\"alignnone wp-image-646\" src=\"http:\/\/bissfest.net\/website\/wp-content\/uploads\/2020\/06\/link-element-SJC.png\" alt=\"\" width=\"12\" height=\"11\" srcset=\"https:\/\/www.bissfest.net\/wp-content\/uploads\/2020\/06\/link-element-SJC.png 270w, https:\/\/www.bissfest.net\/wp-content\/uploads\/2020\/06\/link-element-SJC-150x150.png 150w, https:\/\/www.bissfest.net\/wp-content\/uploads\/2020\/06\/link-element-SJC-256x256.png 256w\" sizes=\"(max-width: 12px) 100vw, 12px\" \/><\/a><a href=\"https:\/\/www.aargauerzeitung.ch\/aargau\/baden\/baden-das-satire-festival-bissfest-geht-in-die-zweite-runde-ld.2195132\" target=\"_blank\" rel=\"noopener noreferrer\">\u00a0 \u00a0AZ vom 29.09.<\/a><\/p>\n<p>[\/vc_column_text][vc_empty_space height=&#8221;20px&#8221;][\/vc_column][\/vc_row][vc_row][vc_column][vc_empty_space height=&#8221;100px&#8221;][\/vc_column][\/vc_row][vc_row el_id=&#8221;pati&#8221;][vc_column][vc_column_text]<\/p>\n<div class=\"title-h2\">Auftritte<\/div>\n<p>[\/vc_column_text][\/vc_column][\/vc_row][vc_row][vc_column width=&#8221;2\/3&#8243;][vc_single_image image=&#8221;1636&#8243; img_size=&#8221;full&#8221; onclick=&#8221;custom_link&#8221; css_animation=&#8221;fadeInUp&#8221; css=&#8221;.vc_custom_1629788580067{background-position: center !important;background-repeat: no-repeat !important;background-size: cover !important;}&#8221; link=&#8221;https:\/\/www.bissfest.net\/index.php\/pf\/gabriel-vetter\/&#8221;][vc_column_text]<\/p>\n<p style=\"text-align: right; font-size: 12px; color: #949494;\"><em>\u00a9 Gabriel Vetter Bild: drehundangel.ch<br \/>\n<\/em><\/p>\n<p>[\/vc_column_text][vc_empty_space height=&#8221;10&#8243;][vc_column_text]<\/p>\n<div class=\"title-h3\">Gabriel Vetter<\/div>\n<p>[\/vc_column_text][vc_column_text]Satiriker und Slam Poet Gabriel Vetter z\u00e4hlt l\u00e4ngst zur ersten Garde des Schweizer Humorschaffens. Er ist nicht nur auf den grossen Kabarettb\u00fchnen des Landes zu Hause, sondern auch gern gelesener Kolumnenschreiber und vielseitiger Gast in der SRF-Satiresendung \u00abDeville\u00bb.\u00a0 Aktuell ist Gabriel mit seinem Programm \u00abHobby \u2013 Stand up\u00bb unterwegs. Vetter war eines der Highlights am diesj\u00e4hrigen \u00abbissfest!\u00bb.[\/vc_column_text][vc_column_text]<a href=\"http:\/\/www.sehstoff.ch\" target=\"_blank\" rel=\"noopener noreferrer\"><img decoding=\"async\" class=\"alignnone wp-image-646\" src=\"http:\/\/bissfest.net\/website\/wp-content\/uploads\/2020\/06\/link-element-SJC.png\" alt=\"\" width=\"12\" height=\"11\" srcset=\"https:\/\/www.bissfest.net\/wp-content\/uploads\/2020\/06\/link-element-SJC.png 270w, https:\/\/www.bissfest.net\/wp-content\/uploads\/2020\/06\/link-element-SJC-150x150.png 150w, https:\/\/www.bissfest.net\/wp-content\/uploads\/2020\/06\/link-element-SJC-256x256.png 256w\" sizes=\"(max-width: 12px) 100vw, 12px\" \/><\/a><a href=\"\/index.php\/pf\/gabriel-vetter\/\" rel=\"noopener noreferrer\">\u00a0 \u00a0mehr<\/a><br \/>\n<a href=\"http:\/\/www.sehstoff.ch\" target=\"_blank\" rel=\"noopener noreferrer\"><img decoding=\"async\" class=\"alignnone wp-image-646\" src=\"http:\/\/bissfest.net\/website\/wp-content\/uploads\/2020\/06\/link-element-SJC.png\" alt=\"\" width=\"12\" height=\"11\" srcset=\"https:\/\/www.bissfest.net\/wp-content\/uploads\/2020\/06\/link-element-SJC.png 270w, https:\/\/www.bissfest.net\/wp-content\/uploads\/2020\/06\/link-element-SJC-150x150.png 150w, https:\/\/www.bissfest.net\/wp-content\/uploads\/2020\/06\/link-element-SJC-256x256.png 256w\" sizes=\"(max-width: 12px) 100vw, 12px\" \/><\/a><a href=\"https:\/\/www.drehundangel.ch\/kuenstler\/gabriel-vetter.html\" target=\"_blank\" rel=\"noopener noreferrer\"> \u00a0 drehundangel.ch<\/a>[\/vc_column_text][\/vc_column][\/vc_row][vc_row][vc_column][vc_empty_space height=&#8221;100px&#8221;][\/vc_column][\/vc_row][vc_row][vc_column width=&#8221;1\/3&#8243;][\/vc_column][vc_column width=&#8221;2\/3&#8243;][vc_single_image image=&#8221;1639&#8243; img_size=&#8221;full&#8221; alignment=&#8221;right&#8221; onclick=&#8221;custom_link&#8221; css_animation=&#8221;fadeInUp&#8221; css=&#8221;.vc_custom_1629791071249{background-position: center !important;background-repeat: no-repeat !important;background-size: cover !important;}&#8221; el_id=&#8221;#uta&#8221; link=&#8221;https:\/\/www.bissfest.net\/index.php\/pf\/pink-im-park\/&#8221;][vc_column_text]<\/p>\n<p style=\"text-align: right; font-size: 12px; color: #949494;\"><em>\u00a9 Pink im Park<br \/>\n<\/em><\/p>\n<p>[\/vc_column_text][vc_empty_space height=&#8221;10&#8243;][vc_column_text]<\/p>\n<div class=\"title-h3\">Pink im Park<\/div>\n<p>[\/vc_column_text][vc_column_text]<\/p>\n<p style=\"text-align: left;\">Das St Galler Duo Pierre Lippuner und Fabian Engeler ist seit 2012 auf Schweizer B\u00fchnen unterwegs. Lippuner bezeichnet sich selbst als zur Rampensau gel\u00e4uterter ruhiger Bub, Engeler ist laut eigener Aussage der Kapit\u00e4n, der die Richtung vorgibt. Die beiden eint die Freude am Wort, sei es vor dem Mikrophon, im eigenen Buch, im selbstgedrehten Film oder am 21. Oktober auf der \u00abbissfest!\u00bb-B\u00fchne.<\/p>\n<p>[\/vc_column_text][vc_column_text]<a href=\"http:\/\/www.sehstoff.ch\" target=\"_blank\" rel=\"noopener noreferrer\"><img decoding=\"async\" class=\"alignnone wp-image-646\" src=\"http:\/\/bissfest.net\/website\/wp-content\/uploads\/2020\/06\/link-element-SJC.png\" alt=\"\" width=\"12\" height=\"11\" srcset=\"https:\/\/www.bissfest.net\/wp-content\/uploads\/2020\/06\/link-element-SJC.png 270w, https:\/\/www.bissfest.net\/wp-content\/uploads\/2020\/06\/link-element-SJC-150x150.png 150w, https:\/\/www.bissfest.net\/wp-content\/uploads\/2020\/06\/link-element-SJC-256x256.png 256w\" sizes=\"(max-width: 12px) 100vw, 12px\" \/><\/a><a href=\"\/index.php\/pf\/pink-im-park\/\" rel=\"noopener noreferrer\">\u00a0 \u00a0mehr<\/a><br \/>\n<a href=\"http:\/\/www.sehstoff.ch\" target=\"_blank\" rel=\"noopener noreferrer\"><img decoding=\"async\" class=\"alignnone wp-image-646\" src=\"http:\/\/bissfest.net\/website\/wp-content\/uploads\/2020\/06\/link-element-SJC.png\" alt=\"\" width=\"12\" height=\"11\" srcset=\"https:\/\/www.bissfest.net\/wp-content\/uploads\/2020\/06\/link-element-SJC.png 270w, https:\/\/www.bissfest.net\/wp-content\/uploads\/2020\/06\/link-element-SJC-150x150.png 150w, https:\/\/www.bissfest.net\/wp-content\/uploads\/2020\/06\/link-element-SJC-256x256.png 256w\" sizes=\"(max-width: 12px) 100vw, 12px\" \/><\/a><a href=\"http:\/\/buntd.ch\/\" target=\"_blank\" rel=\"noopener noreferrer\"> \u00a0 Pink im Park<\/a>[\/vc_column_text][\/vc_column][\/vc_row][vc_row][vc_column][vc_empty_space height=&#8221;100px&#8221;][\/vc_column][\/vc_row][vc_row][vc_column width=&#8221;2\/3&#8243;][vc_single_image image=&#8221;1641&#8243; img_size=&#8221;full&#8221; onclick=&#8221;custom_link&#8221; css_animation=&#8221;fadeInUp&#8221; css=&#8221;.vc_custom_1629788618992{background-position: center !important;background-repeat: no-repeat !important;background-size: cover !important;}&#8221; link=&#8221;https:\/\/www.bissfest.net\/index.php\/pf\/rebekka-lindauer\/&#8221;][vc_column_text]<\/p>\n<p style=\"text-align: right; font-size: 12px; color: #949494;\"><em>\u00a9 Rebekka Lindauer Bild: Toshimi<\/em><\/p>\n<p>[\/vc_column_text][vc_empty_space height=&#8221;10&#8243;][vc_column_text]<\/p>\n<div class=\"title-h3\">Rebekka Lindauer<\/div>\n<p>[\/vc_column_text][vc_column_text]Rebekka Lindauer war zugleich Programmh\u00f6hepunkt und\u00a0 Moderatorin unseres Abends. Die bekannte Z\u00fcrcher Slam Poetin, Kabarettistin und Musikerin nimmt kein Blatt vor den Mund und kl\u00e4rt Misst\u00e4nde \u00abherrlich politisch unkorrekt\u00bb auf, wie unter anderem auch schon fachkundige Pressestimmen festgehalten haben.[\/vc_column_text][vc_column_text]<a href=\"http:\/\/www.sehstoff.ch\" target=\"_blank\" rel=\"noopener noreferrer\"><img decoding=\"async\" class=\"alignnone wp-image-646\" src=\"http:\/\/bissfest.net\/website\/wp-content\/uploads\/2020\/06\/link-element-SJC.png\" alt=\"\" width=\"12\" height=\"11\" srcset=\"https:\/\/www.bissfest.net\/wp-content\/uploads\/2020\/06\/link-element-SJC.png 270w, https:\/\/www.bissfest.net\/wp-content\/uploads\/2020\/06\/link-element-SJC-150x150.png 150w, https:\/\/www.bissfest.net\/wp-content\/uploads\/2020\/06\/link-element-SJC-256x256.png 256w\" sizes=\"(max-width: 12px) 100vw, 12px\" \/><\/a><a href=\"\/index.php\/pf\/rebekka-lindauer\/\" rel=\"noopener noreferrer\">\u00a0 \u00a0mehr<\/a><br \/>\n<a href=\"http:\/\/www.sehstoff.ch\" target=\"_blank\" rel=\"noopener noreferrer\"><img decoding=\"async\" class=\"alignnone wp-image-646\" src=\"http:\/\/bissfest.net\/website\/wp-content\/uploads\/2020\/06\/link-element-SJC.png\" alt=\"\" width=\"12\" height=\"11\" srcset=\"https:\/\/www.bissfest.net\/wp-content\/uploads\/2020\/06\/link-element-SJC.png 270w, https:\/\/www.bissfest.net\/wp-content\/uploads\/2020\/06\/link-element-SJC-150x150.png 150w, https:\/\/www.bissfest.net\/wp-content\/uploads\/2020\/06\/link-element-SJC-256x256.png 256w\" sizes=\"(max-width: 12px) 100vw, 12px\" \/><\/a><a href=\"https:\/\/rebekkalindauer.com\/\" target=\"_blank\" rel=\"noopener noreferrer\"> \u00a0 rebekkalindauer.com<\/a>[\/vc_column_text][\/vc_column][\/vc_row][vc_row][vc_column][vc_empty_space height=&#8221;100px&#8221;][\/vc_column][\/vc_row][vc_row][vc_column width=&#8221;1\/3&#8243;][\/vc_column][vc_column width=&#8221;2\/3&#8243;][vc_single_image image=&#8221;1643&#8243; img_size=&#8221;full&#8221; alignment=&#8221;right&#8221; onclick=&#8221;custom_link&#8221; css_animation=&#8221;fadeInUp&#8221; css=&#8221;.vc_custom_1629791164686{background-position: center !important;background-repeat: no-repeat !important;background-size: cover !important;}&#8221; link=&#8221;https:\/\/www.bissfest.net\/index.php\/pf\/daniel-ziegler\/&#8221;][vc_column_text]<\/p>\n<p style=\"text-align: right; font-size: 12px; color: #949494;\"><em>\u00a9 Daniel Ziegler Bild: danielziegler.ch<br \/>\n<\/em><\/p>\n<p>[\/vc_column_text][vc_empty_space height=&#8221;10&#8243;][vc_column_text]<\/p>\n<div class=\"title-h3\">Daniel Ziegler<\/div>\n<p>[\/vc_column_text][vc_column_text]<\/p>\n<p style=\"text-align: left;\">Daniel Ziegler kombiniert auf der B\u00fchne auf einmalige Weise Humor mit Musik. Mit seiner vielen auf \u00abGiacobbo\/M\u00fcller\u00bb unvergessenen,\u00a0 aussergew\u00f6hnlichen E-Bass-Spieltechnik gilt er als Ausnahmemusiker. Mit seinem launig-launischen Programm sorgte Daniel Ziegler f\u00fcr die musikalischen H\u00f6hepunkte des Satire-Abends.<\/p>\n<p>[\/vc_column_text][vc_column_text]<a href=\"http:\/\/www.sehstoff.ch\" target=\"_blank\" rel=\"noopener noreferrer\"><img decoding=\"async\" class=\"alignnone wp-image-646\" src=\"http:\/\/bissfest.net\/website\/wp-content\/uploads\/2020\/06\/link-element-SJC.png\" alt=\"\" width=\"12\" height=\"11\" srcset=\"https:\/\/www.bissfest.net\/wp-content\/uploads\/2020\/06\/link-element-SJC.png 270w, https:\/\/www.bissfest.net\/wp-content\/uploads\/2020\/06\/link-element-SJC-150x150.png 150w, https:\/\/www.bissfest.net\/wp-content\/uploads\/2020\/06\/link-element-SJC-256x256.png 256w\" sizes=\"(max-width: 12px) 100vw, 12px\" \/><\/a><a href=\"\/index.php\/pf\/daniel-ziegler\/\" rel=\"noopener noreferrer\">\u00a0 \u00a0mehr<\/a><br \/>\n<a href=\"http:\/\/www.sehstoff.ch\" target=\"_blank\" rel=\"noopener noreferrer\"><img decoding=\"async\" class=\"alignnone wp-image-646\" src=\"http:\/\/bissfest.net\/website\/wp-content\/uploads\/2020\/06\/link-element-SJC.png\" alt=\"\" width=\"12\" height=\"11\" srcset=\"https:\/\/www.bissfest.net\/wp-content\/uploads\/2020\/06\/link-element-SJC.png 270w, https:\/\/www.bissfest.net\/wp-content\/uploads\/2020\/06\/link-element-SJC-150x150.png 150w, https:\/\/www.bissfest.net\/wp-content\/uploads\/2020\/06\/link-element-SJC-256x256.png 256w\" sizes=\"(max-width: 12px) 100vw, 12px\" \/><\/a><a href=\"https:\/\/www.danielziegler.ch\/DE\/27\/Portrait.htm\" target=\"_blank\" rel=\"noopener noreferrer\"> \u00a0 bretterwelt.ch<\/a>[\/vc_column_text][\/vc_column][\/vc_row][vc_row][vc_column][vc_empty_space height=&#8221;100px&#8221;][\/vc_column][\/vc_row][vc_row][vc_column][vc_column_text]<\/p>\n<div class=\"title-h2\">\n<p><strong>Pr\u00e4mierung<\/strong><\/p>\n<\/div>\n<p>[\/vc_column_text][\/vc_column][\/vc_row][vc_row][vc_column width=&#8221;1\/2&#8243;][vc_single_image image=&#8221;1745&#8243; img_size=&#8221;full&#8221; alignment=&#8221;center&#8221; onclick=&#8221;custom_link&#8221; css_animation=&#8221;fadeInUp&#8221; css=&#8221;.vc_custom_1630332954470{background-position: center !important;background-repeat: no-repeat !important;background-size: cover !important;}&#8221; link=&#8221;https:\/\/www.bissfest.net\/index.php\/ausstellung\/&#8221;][\/vc_column][vc_column width=&#8221;1\/2&#8243;][vc_column_text]<\/p>\n<div class=\"title-h4\">\n<p>An der Cartoon-Ausstellung pr\u00e4sentierten wir Karikaturen von K\u00fcnstler*innen, welche unter dem Thema \u00abHeiss gebadet\u00bb die B\u00e4derwelt und Wellnesskultur satirisch auf die Schippe nahmen.<\/p>\n<\/div>\n<p>[\/vc_column_text][vc_column_text]<\/p>\n<div class=\"title-h2\">\n<h3><strong>Er\u00f6ffnung und Preisverleihung<\/strong><\/h3>\n<\/div>\n<p>[\/vc_column_text][vc_column_text]Die Cartoon-Ausstellung wurde im Rahmen des Satire-Abends am 21. Oktober 2021 offiziell er\u00f6ffnet. Viele der ausstellenden Zeichner*innen waren pers\u00f6nlich anwesend.[\/vc_column_text][vc_column_text]<\/p>\n<div class=\"title-h2\">\n<h3><strong>Pr\u00e4mierung<\/strong><\/h3>\n<\/div>\n<p>[\/vc_column_text][vc_column_text]Schluss- und H\u00f6hepunkt des Abends bildete die Preisverleihung f\u00fcr die besten drei Werke, die eine fachkundige Jury aus s\u00e4mtlichen Exponaten k\u00fcrte.[\/vc_column_text][vc_empty_space height=&#8221;30px&#8221;][vc_column_text]<a href=\"http:\/\/www.sehstoff.ch\" target=\"_blank\" rel=\"noopener noreferrer\"><img decoding=\"async\" class=\"alignnone wp-image-646\" src=\"http:\/\/bissfest.net\/website\/wp-content\/uploads\/2020\/06\/link-element-SJC.png\" alt=\"\" width=\"12\" height=\"11\" srcset=\"https:\/\/www.bissfest.net\/wp-content\/uploads\/2020\/06\/link-element-SJC.png 270w, https:\/\/www.bissfest.net\/wp-content\/uploads\/2020\/06\/link-element-SJC-150x150.png 150w, https:\/\/www.bissfest.net\/wp-content\/uploads\/2020\/06\/link-element-SJC-256x256.png 256w\" sizes=\"(max-width: 12px) 100vw, 12px\" \/><\/a><a href=\"\/index.php\/ausstellung\/\" rel=\"noopener noreferrer\"> \u00a0 Ausstellung<\/a>[\/vc_column_text][\/vc_column][\/vc_row][vc_row][vc_column][vc_empty_space height=&#8221;100px&#8221;][\/vc_column][\/vc_row][vc_row][vc_column][vc_column_text]<\/p>\n<div class=\"title-h2\">\n<p><strong>Austragungsort<\/strong><\/p>\n<\/div>\n<p>[\/vc_column_text][\/vc_column][vc_column width=&#8221;1\/3&#8243;][vc_single_image image=&#8221;933&#8243; img_size=&#8221;full&#8221; alignment=&#8221;center&#8221; css_animation=&#8221;fadeInUp&#8221; css=&#8221;.vc_custom_1593181036940{background-position: center !important;background-repeat: no-repeat !important;background-size: cover !important;}&#8221;][\/vc_column][vc_column width=&#8221;2\/3&#8243;][vc_raw_html]JTNDaWZyYW1lJTIwc3JjJTNEJTIyaHR0cHMlM0ElMkYlMkZ3d3cuZ29vZ2xlLmNvbSUyRm1hcHMlMkZlbWJlZCUzRnBiJTNEJTIxMW0xOCUyMTFtMTIlMjExbTMlMjExZDExMzUuNDgyNzYyNzUzMDk1NCUyMTJkOC4zMDU1ODc3MzExOTg1NiUyMTNkNDcuNDc4MTA5NTYxNTAwNjclMjEybTMlMjExZjAlMjEyZjAlMjEzZjAlMjEzbTIlMjExaTEwMjQlMjEyaTc2OCUyMTRmMTMuMSUyMTNtMyUyMTFtMiUyMTFzMHg0NzkwNmNjMGFmZmJhYTliJTI1M0EweGNiMjhiNTc1MTBkZWMwMTglMjEyc0JhZGVuJTI1MkMlMjUyMFRyYWZvJTIxNWUxJTIxM20yJTIxMXNkZSUyMTJzY2glMjE0djE1OTMxODU5MTAxMDElMjE1bTIlMjExc2RlJTIxMnNjaCUyMiUyMHdpZHRoJTNEJTIyMTAwJTI1JTIyJTIwaGVpZ2h0JTNEJTIyMzY1JTIyJTIwZnJhbWVib3JkZXIlM0QlMjIwJTIyJTIwc3R5bGUlM0QlMjJib3JkZXIlM0EwJTNCJTIyJTIwYWxsb3dmdWxsc2NyZWVuJTNEJTIyJTIyJTIwYXJpYS1oaWRkZW4lM0QlMjJmYWxzZSUyMiUyMHRhYmluZGV4JTNEJTIyMCUyMiUzRSUzQyUyRmlmcmFtZSUzRQ==[\/vc_raw_html][\/vc_column][\/vc_row][vc_row][vc_column width=&#8221;3\/4&#8243;][vc_column_text]Die Trafo Hallen in Baden sind Zeitzeugen der Aargauer Industrie.<br \/>\nDie grossz\u00fcgige Dimension der Halle 37 erm\u00f6glicht das bissfest mit B\u00fchne, Screen, Ausstellung und Barbetrieb in einem Raum einzigartig zu inszenieren. Wir empfehlen die Anreise mit \u00d6V.[\/vc_column_text][\/vc_column][vc_column width=&#8221;1\/4&#8243;][vc_column_text]<\/p>\n<p style=\"text-align: right;\"><a href=\"http:\/\/www.sehstoff.ch\" target=\"_blank\" rel=\"noopener noreferrer\"><img decoding=\"async\" class=\"alignnone wp-image-646\" src=\"http:\/\/bissfest.net\/website\/wp-content\/uploads\/2020\/06\/link-element-SJC.png\" alt=\"\" width=\"12\" height=\"11\" srcset=\"https:\/\/www.bissfest.net\/wp-content\/uploads\/2020\/06\/link-element-SJC.png 270w, https:\/\/www.bissfest.net\/wp-content\/uploads\/2020\/06\/link-element-SJC-150x150.png 150w, https:\/\/www.bissfest.net\/wp-content\/uploads\/2020\/06\/link-element-SJC-256x256.png 256w\" sizes=\"(max-width: 12px) 100vw, 12px\" \/><\/a><a href=\"https:\/\/www.trafobaden.ch\" target=\"_blank\" rel=\"noopener noreferrer\"> \u00a0 trafobaden.ch<\/a><\/p>\n<p>[\/vc_column_text][vc_column_text]<\/p>\n<p style=\"text-align: right;\"><a href=\"http:\/\/www.sehstoff.ch\" target=\"_blank\" rel=\"noopener noreferrer\"><img decoding=\"async\" class=\"alignnone wp-image-646\" src=\"http:\/\/bissfest.net\/website\/wp-content\/uploads\/2020\/06\/link-element-SJC.png\" alt=\"\" width=\"12\" height=\"11\" srcset=\"https:\/\/www.bissfest.net\/wp-content\/uploads\/2020\/06\/link-element-SJC.png 270w, https:\/\/www.bissfest.net\/wp-content\/uploads\/2020\/06\/link-element-SJC-150x150.png 150w, https:\/\/www.bissfest.net\/wp-content\/uploads\/2020\/06\/link-element-SJC-256x256.png 256w\" sizes=\"(max-width: 12px) 100vw, 12px\" \/><\/a><a href=\"https:\/\/eventfrog.ch\/bissfest2021\" target=\"_blank\" rel=\"noopener noreferrer\"> \u00a0 Tickets sichern<\/a><\/p>\n<p>[\/vc_column_text][\/vc_column][\/vc_row][vc_row][vc_column][vc_empty_space height=&#8221;100px&#8221;][\/vc_column][\/vc_row]<\/p>\n<\/section>","protected":false},"excerpt":{"rendered":"<p>[vc_row][vc_column][vc_empty_space height=&#8221;130px&#8221;][\/vc_column][\/vc_row][vc_row][vc_column width=&#8221;1\/3&#8243;][vc_single_image image=&#8221;900&#8243; img_size=&#8221;full&#8221; css_animation=&#8221;fadeInUp&#8221;][\/vc_column][vc_column width=&#8221;2\/3&#8243;][vc_column_text] SATIRE ABEND [\/vc_column_text][vc_column_text] Donnerstag, 21. Oktober 2021 Trafo Baden, Halle 37 [\/vc_column_text][vc_column_text] Das&#8230;<\/p>\n","protected":false},"author":1,"featured_media":0,"parent":0,"menu_order":0,"comment_status":"closed","ping_status":"open","template":"","meta":[],"_links":{"self":[{"href":"https:\/\/www.bissfest.net\/index.php\/wp-json\/wp\/v2\/pages\/155"}],"collection":[{"href":"https:\/\/www.bissfest.net\/index.php\/wp-json\/wp\/v2\/pages"}],"about":[{"href":"https:\/\/www.bissfest.net\/index.php\/wp-json\/wp\/v2\/types\/page"}],"author":[{"embeddable":true,"href":"https:\/\/www.bissfest.net\/index.php\/wp-json\/wp\/v2\/users\/1"}],"replies":[{"embeddable":true,"href":"https:\/\/www.bissfest.net\/index.php\/wp-json\/wp\/v2\/comments?post=155"}],"version-history":[{"count":305,"href":"https:\/\/www.bissfest.net\/index.php\/wp-json\/wp\/v2\/pages\/155\/revisions"}],"predecessor-version":[{"id":2132,"href":"https:\/\/www.bissfest.net\/index.php\/wp-json\/wp\/v2\/pages\/155\/revisions\/2132"}],"wp:attachment":[{"href":"https:\/\/www.bissfest.net\/index.php\/wp-json\/wp\/v2\/media?parent=155"}],"curies":[{"name":"wp","href":"https:\/\/api.w.org\/{rel}","templated":true}]}}